{"id":4783,"date":"2021-07-03T08:50:16","date_gmt":"2021-07-03T07:50:16","guid":{"rendered":"https:\/\/sprf.asso.fr\/sprfwp\/?p=4783"},"modified":"2025-11-20T17:39:56","modified_gmt":"2025-11-20T16:39:56","slug":"presentation-des-activites-scientifiques-2","status":"publish","type":"page","link":"https:\/\/sprf.asso.fr\/sprfwp\/presentation-des-activites-scientifiques-2\/","title":{"rendered":"Pr\u00e9sentation des activit\u00e9s scientifiques"},"content":{"rendered":"<p><span style=\"color: #000000;\"><em>La SPRF organise r\u00e9guli\u00e8rement des activit\u00e9s scientifiques, \u00e0 la fois dans le cadre de la formation des psychanalystes (<strong>A<\/strong>nalystes <strong>E<\/strong>n <strong>F<\/strong>ormation) et en direction du public int\u00e9ress\u00e9. On distingue donc des activit\u00e9s ouvertes au public, d&rsquo;autres qui peuvent \u00eatre ouvertes aux auditeurs libres et d&rsquo;autres qui sont r\u00e9serv\u00e9es aux AEF :<br \/>\n<\/em><\/span><\/p>\n<p><span style=\"color: #bf391b;\"><strong><b>Devenir auditeur libre \u00e0 la SPRF<\/b><\/strong><\/span> : <span style=\"font-family: 'Times New Roman', serif; font-size: 12pt;\">La SPRF accueille des auditeurs \u00ab\u00a0libres\u00a0\u00bb qui ont une pratique clinique, s&rsquo;int\u00e9ressant \u00e0 la psychanalyse mais n&rsquo;ayant pas encore engag\u00e9 un processus de formation. <\/span><\/p>\n<p align=\"justify\"><span style=\"font-family: Times New Roman, serif;\"><b>\u21d2 <span style=\"color: #000000;\">Pour devenir auditeur libre<\/span><\/b> <strong>il faut :<\/strong><\/span><\/p>\n<ul>\n<li><span style=\"font-family: Times New Roman, serif;\">avoir une pratique clinique en lib\u00e9ral et\/ou en institution<\/span><\/li>\n<li><span style=\"font-family: Times New Roman, serif;\">avoir soi-m\u00eame une exp\u00e9rience en tant qu&rsquo;analysant. <\/span><\/li>\n<\/ul>\n<p align=\"justify\"><span style=\"font-family: Times New Roman, serif;\"><b>\u21d2 <span style=\"color: #000000;\">Modalit\u00e9s pour obtenir le statut d&rsquo;auditeur libre<\/span><\/b> :<\/span><\/p>\n<ul>\n<li><span style=\"font-family: Times New Roman, serif;\">avoir un entretien avec la Secr\u00e9taire g\u00e9n\u00e9rale qui donnera son accord pour un acc\u00e8s \u00e0 ce statut.<\/span><\/li>\n<li><span style=\"font-family: Times New Roman, serif;\">s&rsquo;inscrire \u00e0 un groupe de travail de la SPRF (ou en lien avec la SPRF) apr\u00e8s accord du responsable du groupe de travail choisi.<\/span><\/li>\n<li><span style=\"font-family: Times New Roman, serif;\">r\u00e9gler chaque ann\u00e9e, en septembre, une participation d&rsquo;un montant forfaitaire (actuellement) de 300 \u20ac.<\/span><\/li>\n<\/ul>\n<p align=\"justify\"><span style=\"font-family: Times New Roman, serif;\"><b>\u00a0\u21d2 <span style=\"color: #000000;\">Une fois accept\u00e9<\/span><\/b> <strong>comme auditeur libre,<\/strong> celui-ci peut participer\u00a0:<\/span><\/p>\n<ul>\n<li><span style=\"font-family: Times New Roman, serif;\">au groupe de travail o\u00f9 il s&rsquo;est inscrit,<\/span><\/li>\n<li><span style=\"font-family: Times New Roman, serif;\">au s\u00e9minaire clinique de la SPRF qui a lieu le 3<sup>\u00e8me<\/sup> mercredi du mois.<\/span><\/li>\n<\/ul>\n<p align=\"justify\"><span style=\"font-family: Times New Roman, serif;\">Chaque ann\u00e9e il lui est propos\u00e9 un entretien avec la Secr\u00e9taire g\u00e9n\u00e9rale avant qu&rsquo;il ne s&rsquo;engage pour une nouvelle ann\u00e9e. <\/span><\/p>\n<p align=\"justify\"><em><span style=\"font-family: Times New Roman, serif;\"><span style=\"color: #000000;\"><b>Le statut d&rsquo;auditeur libre<\/b><\/span> n&rsquo;a pas vocation \u00e0 durer au-del\u00e0 du temps d&rsquo;un groupe de travail (souvent entre 2 et 4 ans). Il permet d&rsquo;avoir une approche concr\u00e8te du travail propos\u00e9 au sein d\u2019une soci\u00e9t\u00e9 d&rsquo;analystes et de b\u00e9n\u00e9ficier des nombreux \u00e9changes avec les analystes en formation ou les analystes membres. Il peut constituer un temps tr\u00e8s utile de r\u00e9flexion et de d\u00e9couverte de la psychanalyse et du m\u00e9tier de psychanalyste avant de s&rsquo;engager dans un processus de formation. <\/span><\/em><\/p>\n<p align=\"left\"><span style=\"font-family: Times New Roman, serif;\"><span style=\"color: #000000;\"><b>Pour tout renseignement compl\u00e9mentaire<\/b><\/span> <strong>contacter la Secr\u00e9taire g\u00e9n\u00e9rale\u00a0:<\/strong> <a href=\"mailto:jolanta.tijusglazewski@gmail.com\">jolanta.tijusglazewski@gmail.com<\/a><\/span><\/p>\n<h3><strong><span style=\"font-size: 12pt; color: #bf391b;\">\u25ca Journ\u00e9es et matin\u00e9es Scientifiques (ouvertes) :<\/span><\/strong><\/h3>\n<p class=\"p5\">Des journ\u00e9es et des matin\u00e9es scientifiques sont r\u00e9guli\u00e8rement organis\u00e9es par la <strong>SPRF<\/strong> .<span style=\"color: #808080; background-color: #ffffff;\"><em><span style=\"color: #008080;\"><span style=\"font-size: 10pt; color: #008000;\"><strong> Ouvertes \u00e0 tous, sur inscription<\/strong>.<\/span><br \/>\n<\/span><\/em><\/span><span style=\"color: #808080; background-color: #ffffff;\"><em><span style=\"color: #008080;\">\u21d2<\/span> <span style=\"color: #339966;\">\u00a0<\/span><\/em><\/span><span style=\"color: #339966;\"><a style=\"color: #339966;\" href=\"https:\/\/sprf.asso.fr\/sprfwp\/2021\/04\/12\/journees-et-matinees-scientifiques\/\" target=\"_blank\" rel=\"noopener\">Acc\u00e9der \u00e0 la page des Journ\u00e9es et matin\u00e9es scientifiques<\/a><\/span><\/p>\n<h3><strong><span class=\"s4\"><b><span style=\"font-size: 12pt; color: #bf391b;\">\u25ca\u00a0 Cycles et s\u00e9minaires (possibilit\u00e9 d&rsquo;\u00eatre auditeur) :<\/span><\/b><\/span><\/strong><\/h3>\n<p><span class=\"s4\">S<\/span>ur un th\u00e8me propos\u00e9 et anim\u00e9 par un membre de la <strong>SPRF<\/strong> sur une p\u00e9riode d\u2019un ou deux ans. Ces s\u00e9minaires sont organis\u00e9s dans le cadre de la formation des AEF.<br \/>\n<span style=\"color: #008080;\"><span style=\"color: #008000;\"><em>Certains peuvent \u00eatre ouverts \u00e0 des auditeurs avec l&rsquo;accord du responsable<\/em>.<\/span> Prendre contact au pr\u00e9alable avec la Secr\u00e9taire G\u00e9n\u00e9rale par courriel :\u00a0\u00a0<\/span><a href=\"mailto:jolanta.tijusglazewski@gmail.com\"> jolanta.tijusglazewski@gmail.com<\/a><\/p>\n<h3><strong><span style=\"font-size: 12pt; color: #bf391b;\">\u25ca Groupes de travail (possibilit\u00e9 d&rsquo;\u00eatre auditeur) :<\/span><\/strong><\/h3>\n<p>\u00c9galement propos\u00e9s et anim\u00e9s par des membres de la <strong>SPRF<\/strong>. Certains sont r\u00e9serv\u00e9s aux analystes en formation mais d&rsquo;autres peuvent<span style=\"color: #008000;\"> accueillir des praticiens ext\u00e9rieurs,<\/span> apr\u00e8s accord avec les organisateurs. Prendre contact contact au pr\u00e9alable avec la Secr\u00e9taire G\u00e9n\u00e9rale par courriel :\u00a0<a href=\"mailto:jolanta.tijusglazewski@gmail.com\">jolanta.tijusglazewski@gmail.com<\/a><\/p>\n<h3 class=\"p6\"><span style=\"font-size: 12pt; color: #bf391b;\"><b>\u25ca S\u00e9minaires mensuels<\/b>\u00a0:<\/span><\/h3>\n<p>Il nous semble important de proposer dans le cadre de la formation analytique un enseignement qui soit assur\u00e9 par des psychanalystes et qui porte sur la th\u00e9orie et la pratique. Nous souhaitons ainsi donner lieu \u00e0 une \u00e9laboration des connaissances qui se constitue au d\u00e9cours de commentaires de lectures et de d\u00e9bats critiques.<br \/>\nCes s\u00e9minaires mensuels \u00e9tablis sous la responsabilit\u00e9 et \u00e0 l&rsquo;initiative de la SPRF seront reconduits d&rsquo;ann\u00e9e en ann\u00e9e sur des th\u00e8mes et des auteurs fondamentaux.<span style=\"color: #993300;\"> Ils sont r\u00e9serv\u00e9s en priorit\u00e9 aux analystes en formation (<strong>AEF<\/strong>)<\/span> qui sont appel\u00e9s \u00e0 y participer activement. Chaque s\u00e9ance est anim\u00e9e par un membre de la SPRF, ou par un membre d\u2019une autre soci\u00e9t\u00e9 int\u00e9ress\u00e9 par le th\u00e8me propos\u00e9. Elle est ainsi enti\u00e8rement assum\u00e9e par le responsable de la soir\u00e9e.<\/p>\n<h3><strong><span style=\"font-size: 12pt; color: #bf391b;\">\u25ca S\u00e9minaires cliniques :<\/span><\/strong><\/h3>\n<p class=\"p5\">Dans le cadre de la formation analytique il est n\u00e9cessaire de prendre l&rsquo;habitude d&rsquo;une \u00e9coute plurielle du mat\u00e9riel analytique et de se confronter aux difficult\u00e9s d&rsquo;avoir \u00e0 rendre compte de sa pratique dans un cadre diff\u00e9rent de celui de la supervision individuelle qui reste, avec l&rsquo;analyse personnelle, le socle de la formation. Les s\u00e9minaires cliniques sont anim\u00e9s par un membre formateur avec un autre membre <span style=\"color: #993300;\">et sont r\u00e9serv\u00e9s aux analystes en formation<\/span>. Deux s\u00e9minaires cliniques d&rsquo;une dur\u00e9e de deux ann\u00e9es doivent \u00eatre suivis par les AEF au cours de leur formation mais ils ne donnent pas lieu \u00e0 une validation sp\u00e9cifique. <span class=\"apple-converted-space\"><br \/>\n<\/span><\/p>\n<h3><strong><span style=\"font-size: 12pt; color: #bf391b;\">\u25ca Conf\u00e9rences (ouvertes sur inscription) :<\/span><\/strong><\/h3>\n<p class=\"p5\">Des conf\u00e9rences ponctuelles peuvent \u00eatre organis\u00e9es \u00e0 l\u2019initiative d\u2019un membre de la SPRF qui invite ou non un intervenant ext\u00e9rieur. <span style=\"color: #008000;\">Elles sont ouvertes \u00e9ventuellement, sur inscription \u00e0 un public plus large.<\/span><br \/>\nContacter la Secr\u00e9taire G\u00e9n\u00e9rale : <a href=\"mailto:jolanta.tijusglazewski@gmail.com\">jolanta.tijusglazewski@gmail.com<\/a><\/p>\n<h3><strong><span style=\"font-size: 12pt; color: #bf391b;\">\u25ca Groupe d\u2019\u00e9changes cliniques <span style=\"color: #008000;\">(ouverts sur inscription)<\/span> : <\/span><\/strong><\/h3>\n<p class=\"p5\">Ces groupes sont destin\u00e9s \u00e0 des professionnels de sant\u00e9 mentale, psychologues, psychiatres, psychoth\u00e9rapeutes qui ne sont pas encore engag\u00e9s dans une formation de psychanalyste mais souhaitent exp\u00e9rimenter et approfondir ce qu\u2019\u00ab \u00e9couter le mat\u00e9riel clinique d\u2019une fa\u00e7on analytique \u00bb veut dire. Selon le groupe envisag\u00e9, le niveau d&rsquo;exp\u00e9rience clinique demand\u00e9 pourra \u00eatre diff\u00e9rent et sera pr\u00e9cis\u00e9 par les responsables (avec qui il faut prendre contact directement).<\/p>\n<p class=\"p5\"><span style=\"color: #bf391b;\"><em><strong>\u21d2\u00a0 Voir toutes les activit\u00e9s scientifiques depuis la cr\u00e9ation de la SPRF en 2005 :<\/strong><\/em><\/span><strong>\u00a0<\/strong><a href=\"https:\/\/sprf.asso.fr\/sprfwp\/2021\/08\/19\/historique-des-activites-scientifiques\/\"><strong>Historique des activit\u00e9s scientifiques<\/strong><\/a><\/p>\n","protected":false},"excerpt":{"rendered":"<p>La SPRF organise r\u00e9guli\u00e8rement des activit\u00e9s scientifiques, \u00e0 la fois dans le cadre de la formation des psychanalystes (Analystes En Formation) et en direction du public int\u00e9ress\u00e9. On distingue donc des activit\u00e9s ouvertes au public, d&rsquo;autres qui peuvent \u00eatre ouvertes aux auditeurs libres et d&rsquo;autres qui sont r\u00e9serv\u00e9es aux AEF : Devenir auditeur libre \u00e0 [&hellip;]<\/p>\n","protected":false},"author":3,"featured_media":0,"parent":0,"menu_order":0,"comment_status":"closed","ping_status":"closed","template":"elementor_header_footer","meta":{"_acf_changed":false,"site-sidebar-layout":"default","site-content-layout":"default","ast-site-content-layout":"default","site-content-style":"default","site-sidebar-style":"default","ast-global-header-display":"","ast-banner-title-visibility":"","ast-main-header-display":"","ast-hfb-above-header-display":"","ast-hfb-below-header-display":"","ast-hfb-mobile-header-display":"","site-post-title":"","ast-breadcrumbs-content":"","ast-featured-img":"","footer-sml-layout":"","ast-disable-related-posts":"","theme-transparent-header-meta":"default","adv-header-id-meta":"","stick-header-meta":"","header-above-stick-meta":"","header-main-stick-meta":"","header-below-stick-meta":"","astra-migrate-meta-layouts":"set","ast-page-background-enabled":"default","ast-page-background-meta":{"desktop":{"background-color":"var(--ast-global-color-4)","background-image":"","background-repeat":"repeat","background-position":"center center","background-size":"auto","background-attachment":"scroll","background-type":"","background-media":"","overlay-type":"","overlay-color":"","overlay-opacity":"","overlay-gradient":""},"tablet":{"background-color":"","background-image":"","background-repeat":"repeat","background-position":"center center","background-size":"auto","background-attachment":"scroll","background-type":"","background-media":"","overlay-type":"","overlay-color":"","overlay-opacity":"","overlay-gradient":""},"mobile":{"background-color":"","background-image":"","background-repeat":"repeat","background-position":"center center","background-size":"auto","background-attachment":"scroll","background-type":"","background-media":"","overlay-type":"","overlay-color":"","overlay-opacity":"","overlay-gradient":""}},"ast-content-background-meta":{"desktop":{"background-color":"var(--ast-global-color-5)","background-image":"","background-repeat":"repeat","background-position":"center center","background-size":"auto","background-attachment":"scroll","background-type":"","background-media":"","overlay-type":"","overlay-color":"","overlay-opacity":"","overlay-gradient":""},"tablet":{"background-color":"var(--ast-global-color-5)","background-image":"","background-repeat":"repeat","background-position":"center center","background-size":"auto","background-attachment":"scroll","background-type":"","background-media":"","overlay-type":"","overlay-color":"","overlay-opacity":"","overlay-gradient":""},"mobile":{"background-color":"var(--ast-global-color-5)","background-image":"","background-repeat":"repeat","background-position":"center center","background-size":"auto","background-attachment":"scroll","background-type":"","background-media":"","overlay-type":"","overlay-color":"","overlay-opacity":"","overlay-gradient":""}},"footnotes":""},"class_list":["post-4783","page","type-page","status-publish","hentry"],"acf":[],"yoast_head":"<!-- This site is optimized with the Yoast SEO plugin v27.4 - https:\/\/yoast.com\/product\/yoast-seo-wordpress\/ -->\n<title>Formation et de recherche : Pr\u00e9sentation des activit\u00e9s scientifiques<\/title>\n<meta name=\"description\" content=\"La SPRF organise r\u00e9guli\u00e8rement des activit\u00e9s scientifiques \u00e0 la fois dans le cadre de la formation des Analystes en Formation (AEF) et en direction du public int\u00e9ress\u00e9. On distingue donc des activit\u00e9s ouvertes et d\u2019autres qui sont r\u00e9serv\u00e9es aux AEF.\" \/>\n<meta name=\"robots\" content=\"index, follow, max-snippet:-1, max-image-preview:large, max-video-preview:-1\" \/>\n<link rel=\"canonical\" href=\"https:\/\/sprf.asso.fr\/sprfwp\/presentation-des-activites-scientifiques-2\/\" \/>\n<meta property=\"og:locale\" content=\"fr_FR\" \/>\n<meta property=\"og:type\" content=\"article\" \/>\n<meta property=\"og:title\" content=\"Formation et de recherche : Pr\u00e9sentation des activit\u00e9s scientifiques\" \/>\n<meta property=\"og:description\" content=\"La SPRF organise r\u00e9guli\u00e8rement des activit\u00e9s scientifiques \u00e0 la fois dans le cadre de la formation des Analystes en Formation (AEF) et en direction du public int\u00e9ress\u00e9. On distingue donc des activit\u00e9s ouvertes et d\u2019autres qui sont r\u00e9serv\u00e9es aux AEF.\" \/>\n<meta property=\"og:url\" content=\"https:\/\/sprf.asso.fr\/sprfwp\/presentation-des-activites-scientifiques-2\/\" \/>\n<meta property=\"og:site_name\" content=\"Soci\u00e9t\u00e9 Psychanalytique de Recherche et de Formation\" \/>\n<meta property=\"article:modified_time\" content=\"2025-11-20T16:39:56+00:00\" \/>\n<meta name=\"twitter:card\" content=\"summary_large_image\" \/>\n<meta name=\"twitter:label1\" content=\"Dur\u00e9e de lecture estim\u00e9e\" \/>\n\t<meta name=\"twitter:data1\" content=\"5 minutes\" \/>\n<script type=\"application\/ld+json\" class=\"yoast-schema-graph\">{\"@context\":\"https:\\\/\\\/schema.org\",\"@graph\":[{\"@type\":\"WebPage\",\"@id\":\"https:\\\/\\\/sprf.asso.fr\\\/sprfwp\\\/presentation-des-activites-scientifiques-2\\\/\",\"url\":\"https:\\\/\\\/sprf.asso.fr\\\/sprfwp\\\/presentation-des-activites-scientifiques-2\\\/\",\"name\":\"Formation et de recherche : Pr\u00e9sentation des activit\u00e9s scientifiques\",\"isPartOf\":{\"@id\":\"https:\\\/\\\/sprf.asso.fr\\\/sprfwp\\\/#website\"},\"datePublished\":\"2021-07-03T07:50:16+00:00\",\"dateModified\":\"2025-11-20T16:39:56+00:00\",\"description\":\"La SPRF organise r\u00e9guli\u00e8rement des activit\u00e9s scientifiques \u00e0 la fois dans le cadre de la formation des Analystes en Formation (AEF) et en direction du public int\u00e9ress\u00e9. On distingue donc des activit\u00e9s ouvertes et d\u2019autres qui sont r\u00e9serv\u00e9es aux AEF.\",\"breadcrumb\":{\"@id\":\"https:\\\/\\\/sprf.asso.fr\\\/sprfwp\\\/presentation-des-activites-scientifiques-2\\\/#breadcrumb\"},\"inLanguage\":\"fr-FR\",\"potentialAction\":[{\"@type\":\"ReadAction\",\"target\":[\"https:\\\/\\\/sprf.asso.fr\\\/sprfwp\\\/presentation-des-activites-scientifiques-2\\\/\"]}]},{\"@type\":\"BreadcrumbList\",\"@id\":\"https:\\\/\\\/sprf.asso.fr\\\/sprfwp\\\/presentation-des-activites-scientifiques-2\\\/#breadcrumb\",\"itemListElement\":[{\"@type\":\"ListItem\",\"position\":1,\"name\":\"Accueil\",\"item\":\"https:\\\/\\\/sprf.asso.fr\\\/sprfwp\\\/\"},{\"@type\":\"ListItem\",\"position\":2,\"name\":\"Pr\u00e9sentation des activit\u00e9s scientifiques\"}]},{\"@type\":\"WebSite\",\"@id\":\"https:\\\/\\\/sprf.asso.fr\\\/sprfwp\\\/#website\",\"url\":\"https:\\\/\\\/sprf.asso.fr\\\/sprfwp\\\/\",\"name\":\"Soci\u00e9t\u00e9 Psychanalytique de Recherche et de Formation\",\"description\":\"Membre de l&#039;API - Fond\u00e9e en 2005\",\"publisher\":{\"@id\":\"https:\\\/\\\/sprf.asso.fr\\\/sprfwp\\\/#organization\"},\"potentialAction\":[{\"@type\":\"SearchAction\",\"target\":{\"@type\":\"EntryPoint\",\"urlTemplate\":\"https:\\\/\\\/sprf.asso.fr\\\/sprfwp\\\/?s={search_term_string}\"},\"query-input\":{\"@type\":\"PropertyValueSpecification\",\"valueRequired\":true,\"valueName\":\"search_term_string\"}}],\"inLanguage\":\"fr-FR\"},{\"@type\":\"Organization\",\"@id\":\"https:\\\/\\\/sprf.asso.fr\\\/sprfwp\\\/#organization\",\"name\":\"Soci\u00e9t\u00e9 Psychanalytique de Recherche et de Formation\",\"url\":\"https:\\\/\\\/sprf.asso.fr\\\/sprfwp\\\/\",\"logo\":{\"@type\":\"ImageObject\",\"inLanguage\":\"fr-FR\",\"@id\":\"https:\\\/\\\/sprf.asso.fr\\\/sprfwp\\\/#\\\/schema\\\/logo\\\/image\\\/\",\"url\":\"https:\\\/\\\/sprf.asso.fr\\\/sprfwp\\\/wp-content\\\/uploads\\\/2021\\\/09\\\/LogoIndex_K_260_neg-3_shade.png\",\"contentUrl\":\"https:\\\/\\\/sprf.asso.fr\\\/sprfwp\\\/wp-content\\\/uploads\\\/2021\\\/09\\\/LogoIndex_K_260_neg-3_shade.png\",\"width\":352,\"height\":201,\"caption\":\"Soci\u00e9t\u00e9 Psychanalytique de Recherche et de Formation\"},\"image\":{\"@id\":\"https:\\\/\\\/sprf.asso.fr\\\/sprfwp\\\/#\\\/schema\\\/logo\\\/image\\\/\"}}]}<\/script>\n<!-- \/ Yoast SEO plugin. -->","yoast_head_json":{"title":"Formation et de recherche : Pr\u00e9sentation des activit\u00e9s scientifiques","description":"La SPRF organise r\u00e9guli\u00e8rement des activit\u00e9s scientifiques \u00e0 la fois dans le cadre de la formation des Analystes en Formation (AEF) et en direction du public int\u00e9ress\u00e9. On distingue donc des activit\u00e9s ouvertes et d\u2019autres qui sont r\u00e9serv\u00e9es aux AEF.","robots":{"index":"index","follow":"follow","max-snippet":"max-snippet:-1","max-image-preview":"max-image-preview:large","max-video-preview":"max-video-preview:-1"},"canonical":"https:\/\/sprf.asso.fr\/sprfwp\/presentation-des-activites-scientifiques-2\/","og_locale":"fr_FR","og_type":"article","og_title":"Formation et de recherche : Pr\u00e9sentation des activit\u00e9s scientifiques","og_description":"La SPRF organise r\u00e9guli\u00e8rement des activit\u00e9s scientifiques \u00e0 la fois dans le cadre de la formation des Analystes en Formation (AEF) et en direction du public int\u00e9ress\u00e9. On distingue donc des activit\u00e9s ouvertes et d\u2019autres qui sont r\u00e9serv\u00e9es aux AEF.","og_url":"https:\/\/sprf.asso.fr\/sprfwp\/presentation-des-activites-scientifiques-2\/","og_site_name":"Soci\u00e9t\u00e9 Psychanalytique de Recherche et de Formation","article_modified_time":"2025-11-20T16:39:56+00:00","twitter_card":"summary_large_image","twitter_misc":{"Dur\u00e9e de lecture estim\u00e9e":"5 minutes"},"schema":{"@context":"https:\/\/schema.org","@graph":[{"@type":"WebPage","@id":"https:\/\/sprf.asso.fr\/sprfwp\/presentation-des-activites-scientifiques-2\/","url":"https:\/\/sprf.asso.fr\/sprfwp\/presentation-des-activites-scientifiques-2\/","name":"Formation et de recherche : Pr\u00e9sentation des activit\u00e9s scientifiques","isPartOf":{"@id":"https:\/\/sprf.asso.fr\/sprfwp\/#website"},"datePublished":"2021-07-03T07:50:16+00:00","dateModified":"2025-11-20T16:39:56+00:00","description":"La SPRF organise r\u00e9guli\u00e8rement des activit\u00e9s scientifiques \u00e0 la fois dans le cadre de la formation des Analystes en Formation (AEF) et en direction du public int\u00e9ress\u00e9. On distingue donc des activit\u00e9s ouvertes et d\u2019autres qui sont r\u00e9serv\u00e9es aux AEF.","breadcrumb":{"@id":"https:\/\/sprf.asso.fr\/sprfwp\/presentation-des-activites-scientifiques-2\/#breadcrumb"},"inLanguage":"fr-FR","potentialAction":[{"@type":"ReadAction","target":["https:\/\/sprf.asso.fr\/sprfwp\/presentation-des-activites-scientifiques-2\/"]}]},{"@type":"BreadcrumbList","@id":"https:\/\/sprf.asso.fr\/sprfwp\/presentation-des-activites-scientifiques-2\/#breadcrumb","itemListElement":[{"@type":"ListItem","position":1,"name":"Accueil","item":"https:\/\/sprf.asso.fr\/sprfwp\/"},{"@type":"ListItem","position":2,"name":"Pr\u00e9sentation des activit\u00e9s scientifiques"}]},{"@type":"WebSite","@id":"https:\/\/sprf.asso.fr\/sprfwp\/#website","url":"https:\/\/sprf.asso.fr\/sprfwp\/","name":"Soci\u00e9t\u00e9 Psychanalytique de Recherche et de Formation","description":"Membre de l&#039;API - Fond\u00e9e en 2005","publisher":{"@id":"https:\/\/sprf.asso.fr\/sprfwp\/#organization"},"potentialAction":[{"@type":"SearchAction","target":{"@type":"EntryPoint","urlTemplate":"https:\/\/sprf.asso.fr\/sprfwp\/?s={search_term_string}"},"query-input":{"@type":"PropertyValueSpecification","valueRequired":true,"valueName":"search_term_string"}}],"inLanguage":"fr-FR"},{"@type":"Organization","@id":"https:\/\/sprf.asso.fr\/sprfwp\/#organization","name":"Soci\u00e9t\u00e9 Psychanalytique de Recherche et de Formation","url":"https:\/\/sprf.asso.fr\/sprfwp\/","logo":{"@type":"ImageObject","inLanguage":"fr-FR","@id":"https:\/\/sprf.asso.fr\/sprfwp\/#\/schema\/logo\/image\/","url":"https:\/\/sprf.asso.fr\/sprfwp\/wp-content\/uploads\/2021\/09\/LogoIndex_K_260_neg-3_shade.png","contentUrl":"https:\/\/sprf.asso.fr\/sprfwp\/wp-content\/uploads\/2021\/09\/LogoIndex_K_260_neg-3_shade.png","width":352,"height":201,"caption":"Soci\u00e9t\u00e9 Psychanalytique de Recherche et de Formation"},"image":{"@id":"https:\/\/sprf.asso.fr\/sprfwp\/#\/schema\/logo\/image\/"}}]}},"_links":{"self":[{"href":"https:\/\/sprf.asso.fr\/sprfwp\/wp-json\/wp\/v2\/pages\/4783","targetHints":{"allow":["GET"]}}],"collection":[{"href":"https:\/\/sprf.asso.fr\/sprfwp\/wp-json\/wp\/v2\/pages"}],"about":[{"href":"https:\/\/sprf.asso.fr\/sprfwp\/wp-json\/wp\/v2\/types\/page"}],"author":[{"embeddable":true,"href":"https:\/\/sprf.asso.fr\/sprfwp\/wp-json\/wp\/v2\/users\/3"}],"replies":[{"embeddable":true,"href":"https:\/\/sprf.asso.fr\/sprfwp\/wp-json\/wp\/v2\/comments?post=4783"}],"version-history":[{"count":26,"href":"https:\/\/sprf.asso.fr\/sprfwp\/wp-json\/wp\/v2\/pages\/4783\/revisions"}],"predecessor-version":[{"id":11286,"href":"https:\/\/sprf.asso.fr\/sprfwp\/wp-json\/wp\/v2\/pages\/4783\/revisions\/11286"}],"wp:attachment":[{"href":"https:\/\/sprf.asso.fr\/sprfwp\/wp-json\/wp\/v2\/media?parent=4783"}],"curies":[{"name":"wp","href":"https:\/\/api.w.org\/{rel}","templated":true}]}}