{"id":39,"date":"2019-09-17T11:19:55","date_gmt":"2019-09-17T10:19:55","guid":{"rendered":"http:\/\/sprf.asso.fr\/sprfwp\/?page_id=39"},"modified":"2023-07-26T09:51:10","modified_gmt":"2023-07-26T08:51:10","slug":"activites-scientifiques","status":"publish","type":"page","link":"https:\/\/sprf.asso.fr\/sprfwp\/activites-scientifiques\/","title":{"rendered":"Activit\u00e9s Scientifiques"},"content":{"rendered":"<p class=\"p3\"><span style=\"color: #993300; font-size: 18pt;\"><b>\u00a0PR\u00c9SENTATION :<br \/>\n<\/b><\/span><\/p>\n<h4 class=\"p3\" style=\"text-align: justify;\"><em><span style=\"color: #993300;\"><b>La SPRF organise r\u00e9guli\u00e8rement des activit\u00e9s scientifiques \u00e0 la fois dans le cadre de la formation des psychanalystes (<span class=\"s1\">A<\/span><\/b><span class=\"s1\" style=\"color: #000000;\">nalystes<\/span><b><span class=\"s1\"> E<\/span><\/b><span class=\"s1\" style=\"color: #000000;\">n<\/span><b><span class=\"s1\"> F<\/span><\/b><span style=\"color: #000000;\"><strong><span class=\"s1\">ormation<\/span><\/strong><\/span><b>) et en direction des praticiens int\u00e9ress\u00e9s <span style=\"font-size: 12pt;\">qui peuvent y \u00eatre admis moyennant le paiement d&rsquo;une cotisation annuelle<\/span>, apr\u00e8s avoir eu un contact avec le secr\u00e9taire g\u00e9n\u00e9ral de la SPRF :<br \/>\n<\/b><\/span><\/em><\/h4>\n<p>&nbsp;<\/p>\n<h3 class=\"p6\" style=\"text-align: justify;\"><span style=\"color: #993300; font-size: 14pt;\"><strong>\u25ca<\/strong>\u00a0 Journ\u00e9es et matin\u00e9es Scientifiques :<\/span><\/h3>\n<p class=\"p5\" style=\"text-align: justify;\"><span style=\"color: #993300; font-size: 12pt;\"><span style=\"color: #000000;\">D<\/span><span style=\"color: #000000;\">es journ\u00e9es et des matin\u00e9es scientifiques sont r\u00e9guli\u00e8rement organis\u00e9es par la <strong>SPRF<\/strong> .<span style=\"background-color: #ffffff; color: #008080;\"><em><span style=\"color: #339966;\"><strong> Elles sont ouvertes \u00e0 tous, sur inscription<\/strong>.<\/span> <\/em><\/span><\/span><\/span><\/p>\n<p>\u00a0<a href=\"https:\/\/sprf.asso.fr\/sprfwp\/2021\/07\/02\/journees-et-matinees-scientifiques\/\">Acc\u00e9der \u00e0 la page des Journ\u00e9es et matin\u00e9es scientifiques<\/a><\/p>\n<p><span style=\"color: #993300;\"><span class=\"s4\"><b><span style=\"font-size: 14pt;\">\u25ca\u00a0 Cycles et s\u00e9minaires :<\/span><br \/>\n<\/b><\/span><\/span><\/p>\n<p><span style=\"color: #993300;\"><span class=\"s4\">S<\/span>ur un th\u00e8me propos\u00e9 et anim\u00e9 par un membre de la <strong>SPRF<\/strong> sur une p\u00e9riode d\u2019un ou deux ans. Ces s\u00e9minaires sont organis\u00e9s dans le cadre de la formation des AEF.<span style=\"color: #339966;\"> Certains peuvent \u00eatre ouverts \u00e0 des <\/span><span class=\"s2\"><span style=\"color: #339966;\">auditeurs avec l&rsquo;accord du responsable<\/span>. Prendre contact<\/span><\/span><span style=\"color: #993300;\"><span class=\"s2\"> contact au pr\u00e9alable avec la Secr\u00e9taire G\u00e9n\u00e9rale par courriel : <a href=\"mailto:zoe.andreyev@gmail.com\">zoe.andreyev@gmail.com<\/a><\/span><br \/>\n<\/span><\/p>\n<p><span style=\"color: #993300;\"><span class=\"s4\"><b><span style=\"font-size: 14pt;\">\u25ca\u00a0 Groupes de travail :<\/span><br \/>\n<\/b><\/span><\/span><\/p>\n<p><span style=\"color: #993300;\">\u00c9galement propos\u00e9s et anim\u00e9s par des membres de la <strong>SPRF<\/strong>. Certains sont r\u00e9serv\u00e9s aux analystes en formation mais d&rsquo;autres peuvent<span style=\"color: #00ccff;\"><span style=\"color: #339966;\"> accueillir des personnes ext\u00e9rieures, apr\u00e8s accord avec les organisateurs<\/span>.<\/span>  <\/span><\/p>\n<p><span style=\"color: #993300;\"><span class=\"s2\">Prendre contact<\/span><span class=\"s2\"> contact au pr\u00e9alable avec la Secr\u00e9taire G\u00e9n\u00e9rale par courriel : <\/span><\/span><span class=\"apple-converted-space\">jolanta.tijusglazewski@gmail.com<\/span><\/p>\n<h5 class=\"p6\" style=\"text-align: justify;\"><span style=\"color: #993300;\"><b>S\u00e9minaires mensuels<\/b>\u00a0:<\/span><\/h5>\n<p class=\"p5\" style=\"text-align: justify;\"><span style=\"color: #993300;\">Il nous semble important de proposer dans le cadre de la formation analytique un enseignement qui soit assur\u00e9 par des psychanalystes et qui porte sur la th\u00e9orie et la pratique. Nous souhaitons ainsi donner lieu \u00e0 une \u00e9laboration des connaissances qui se constitue au d\u00e9cours de commentaires de lectures et de d\u00e9bats critiques.<\/span><\/p>\n<p class=\"p5\" style=\"text-align: justify;\"><span style=\"color: #993300;\">Ces s\u00e9minaires mensuels \u00e9tablis sous la responsabilit\u00e9 et \u00e0 l&rsquo;initiative de la <strong>SPRF<\/strong> seront reconduits d&rsquo;ann\u00e9e en ann\u00e9e sur des th\u00e8mes et des auteurs fondamentaux. Ils sont destin\u00e9s en priorit\u00e9 aux analystes en formation <span class=\"s2\">(<strong>AEF<\/strong>) <\/span>qui sont appel\u00e9s \u00e0 y participer activement mais ils sont aussi<span style=\"color: #339966;\"> ouverts aux auditeurs inscrits.<\/span>\u00a0<i> <\/i>Chaque s\u00e9ance est anim\u00e9e par un membre de la <strong>SPRF<\/strong>, ou d\u2019une autre soci\u00e9t\u00e9, int\u00e9ress\u00e9 par le th\u00e8me propos\u00e9. Elle est ainsi enti\u00e8rement assum\u00e9e par le responsable de la soir\u00e9e qui peut inviter, \u00e9ventuellement, des personnes ext\u00e9rieures.<\/span><\/p>\n<h5 class=\"p6\" style=\"text-align: justify;\"><span style=\"color: #993300;\"><b>S\u00e9minaires cliniques<\/b><span class=\"s3\"><b>\u00a0<\/b><\/span><span class=\"s3\">:<\/span><\/span><\/h5>\n<p class=\"p5\" style=\"text-align: justify;\"><span style=\"color: #993300;\">Dans le cadre de la formation analytique il est n\u00e9cessaire de prendre l&rsquo;habitude d&rsquo;une \u00e9coute plurielle du mat\u00e9riel analytique et de se confronter aux difficult\u00e9s d&rsquo;avoir \u00e0 rendre compte de sa pratique dans un cadre diff\u00e9rent de celui de la supervision individuelle qui reste, avec l&rsquo;analyse personnelle, le socle de la formation. Les s\u00e9minaires cliniques sont anim\u00e9s par un membre formateur avec un autre membre et sont r\u00e9serv\u00e9s aux analystes en formation. Deux s\u00e9minaires cliniques d&rsquo;une dur\u00e9e de deux ann\u00e9es doivent \u00eatre suivis par les AEF au cours de leur formation mais ils ne donnent pas lieu \u00e0 une validation sp\u00e9cifique.\u00a0 <span class=\"apple-converted-space\"><br \/>\n<\/span><\/span><\/p>\n<h5 class=\"p6\" style=\"text-align: justify;\"><span style=\"color: #993300;\"><b>Conf\u00e9rences\u00a0:<\/b><\/span><\/h5>\n<p class=\"p5\" style=\"text-align: justify;\"><span style=\"color: #993300;\">Des conf\u00e9rences ponctuelles peuvent \u00eatre organis\u00e9es \u00e0 l\u2019initiative d\u2019un membre de la <strong>SPRF<\/strong> qui invite ou non un intervenant ext\u00e9rieur.<span style=\"color: #339966;\"> Elles<\/span> <span style=\"color: #008080;\"><span style=\"color: #339966;\">sont ouvertes \u00e9ventuellement, sur inscription \u00e0 un public plus larg<\/span>e<\/span>.<span class=\"apple-converted-space\"> Contacter la Secr\u00e9taire G\u00e9n\u00e9rale de la SPRF\u00a0 : <a href=\"mailto:jolanta.tijusglazewski@gmail.com\" target=\"_blank\" rel=\"noopener\">jolanta.tijusglazewski@gmail.com<\/a><br \/>\n<\/span><\/span><\/p>\n<p>&nbsp;<\/p>\n<p class=\"p5\" style=\"text-align: justify;\"><span style=\"font-size: 12pt;\"><strong><span style=\"color: #993300;\"><span style=\"font-size: 18pt;\">\u21d2<\/span>\u00a0 Voir toutes les activit\u00e9s scientifiques depuis la cr\u00e9ation de la SPRF en 2005 :<\/span><\/strong><\/span><\/p>\n<p class=\"p5\" style=\"text-align: justify;\"><span style=\"color: #993300;\"><strong>\u00a0\u00a0\u00a0\u00a0\u00a0\u00a0\u00a0\u00a0\u00a0\u00a0\u00a0\u00a0\u00a0\u00a0\u00a0\u00a0\u00a0\u00a0\u00a0\u00a0\u00a0\u00a0\u00a0\u00a0\u00a0\u00a0\u00a0\u00a0\u00a0\u00a0\u00a0\u00a0\u00a0\u00a0\u00a0<\/strong><\/span><span style=\"color: #993300;\"><strong><span style=\"color: #339966;\">\u00a0\u00a0 <\/span><\/strong><\/span><a href=\"http:\/\/sprf.asso.fr\/sprfwp\/index.php\/historique-des-activites-scientifiques\/\"><span style=\"color: #993300;\"><strong><span style=\"color: #339966;\">Historique des activit\u00e9s scientifiques<\/span><\/strong><\/span><\/a><\/p>\n<p class=\"p5\" style=\"text-align: right;\"><a href=\"http:\/\/sprf.asso.fr\/sprfwp\/\"><strong>RETOUR ACCUEIL<\/strong><\/a><\/p>\n","protected":false},"excerpt":{"rendered":"<p>\u00a0PR\u00c9SENTATION : La SPRF organise r\u00e9guli\u00e8rement des activit\u00e9s scientifiques \u00e0 la fois dans le cadre de la formation des psychanalystes (Analystes En Formation) et en direction des praticiens int\u00e9ress\u00e9s qui peuvent y \u00eatre admis moyennant le paiement d&rsquo;une cotisation annuelle, apr\u00e8s avoir eu un contact avec le secr\u00e9taire g\u00e9n\u00e9ral de la SPRF : &nbsp; \u25ca\u00a0 [&hellip;]<\/p>\n","protected":false},"author":1,"featured_media":0,"parent":0,"menu_order":0,"comment_status":"closed","ping_status":"closed","template":"","meta":{"_acf_changed":false,"site-sidebar-layout":"default","site-content-layout":"default","ast-site-content-layout":"default","site-content-style":"default","site-sidebar-style":"default","ast-global-header-display":"","ast-banner-title-visibility":"","ast-main-header-display":"","ast-hfb-above-header-display":"","ast-hfb-below-header-display":"","ast-hfb-mobile-header-display":"","site-post-title":"","ast-breadcrumbs-content":"","ast-featured-img":"","footer-sml-layout":"","ast-disable-related-posts":"","theme-transparent-header-meta":"default","adv-header-id-meta":"","stick-header-meta":"","header-above-stick-meta":"","header-main-stick-meta":"","header-below-stick-meta":"","astra-migrate-meta-layouts":"default","ast-page-background-enabled":"default","ast-page-background-meta":{"desktop":{"background-color":"var(--ast-global-color-4)","background-image":"","background-repeat":"repeat","background-position":"center center","background-size":"auto","background-attachment":"scroll","background-type":"","background-media":"","overlay-type":"","overlay-color":"","overlay-opacity":"","overlay-gradient":""},"tablet":{"background-color":"","background-image":"","background-repeat":"repeat","background-position":"center center","background-size":"auto","background-attachment":"scroll","background-type":"","background-media":"","overlay-type":"","overlay-color":"","overlay-opacity":"","overlay-gradient":""},"mobile":{"background-color":"","background-image":"","background-repeat":"repeat","background-position":"center center","background-size":"auto","background-attachment":"scroll","background-type":"","background-media":"","overlay-type":"","overlay-color":"","overlay-opacity":"","overlay-gradient":""}},"ast-content-background-meta":{"desktop":{"background-color":"var(--ast-global-color-5)","background-image":"","background-repeat":"repeat","background-position":"center center","background-size":"auto","background-attachment":"scroll","background-type":"","background-media":"","overlay-type":"","overlay-color":"","overlay-opacity":"","overlay-gradient":""},"tablet":{"background-color":"var(--ast-global-color-5)","background-image":"","background-repeat":"repeat","background-position":"center center","background-size":"auto","background-attachment":"scroll","background-type":"","background-media":"","overlay-type":"","overlay-color":"","overlay-opacity":"","overlay-gradient":""},"mobile":{"background-color":"var(--ast-global-color-5)","background-image":"","background-repeat":"repeat","background-position":"center center","background-size":"auto","background-attachment":"scroll","background-type":"","background-media":"","overlay-type":"","overlay-color":"","overlay-opacity":"","overlay-gradient":""}},"footnotes":""},"class_list":["post-39","page","type-page","status-publish","hentry"],"acf":[],"yoast_head":"<!-- This site is optimized with the Yoast SEO plugin v27.5 - https:\/\/yoast.com\/product\/yoast-seo-wordpress\/ -->\n<title>Activit\u00e9s scientifiques - s\u00e9minaires, journ\u00e9es, conf\u00e9rences<\/title>\n<meta name=\"robots\" content=\"index, follow, max-snippet:-1, max-image-preview:large, max-video-preview:-1\" \/>\n<link rel=\"canonical\" href=\"https:\/\/sprf.asso.fr\/sprfwp\/activites-scientifiques\/\" \/>\n<meta property=\"og:locale\" content=\"fr_FR\" \/>\n<meta property=\"og:type\" content=\"article\" \/>\n<meta property=\"og:title\" content=\"Activit\u00e9s scientifiques - s\u00e9minaires, journ\u00e9es, conf\u00e9rences\" \/>\n<meta property=\"og:description\" content=\"\u00a0PR\u00c9SENTATION : La SPRF organise r\u00e9guli\u00e8rement des activit\u00e9s scientifiques \u00e0 la fois dans le cadre de la formation des psychanalystes (Analystes En Formation) et en direction des praticiens int\u00e9ress\u00e9s qui peuvent y \u00eatre admis moyennant le paiement d&rsquo;une cotisation annuelle, apr\u00e8s avoir eu un contact avec le secr\u00e9taire g\u00e9n\u00e9ral de la SPRF : &nbsp; \u25ca\u00a0 [&hellip;]\" \/>\n<meta property=\"og:url\" content=\"https:\/\/sprf.asso.fr\/sprfwp\/activites-scientifiques\/\" \/>\n<meta property=\"og:site_name\" content=\"Soci\u00e9t\u00e9 Psychanalytique de Recherche et de Formation\" \/>\n<meta property=\"article:modified_time\" content=\"2023-07-26T08:51:10+00:00\" \/>\n<meta name=\"twitter:card\" content=\"summary_large_image\" \/>\n<meta name=\"twitter:label1\" content=\"Dur\u00e9e de lecture estim\u00e9e\" \/>\n\t<meta name=\"twitter:data1\" content=\"3 minutes\" \/>\n<script type=\"application\/ld+json\" class=\"yoast-schema-graph\">{\"@context\":\"https:\\\/\\\/schema.org\",\"@graph\":[{\"@type\":\"WebPage\",\"@id\":\"https:\\\/\\\/sprf.asso.fr\\\/sprfwp\\\/activites-scientifiques\\\/\",\"url\":\"https:\\\/\\\/sprf.asso.fr\\\/sprfwp\\\/activites-scientifiques\\\/\",\"name\":\"Activit\u00e9s scientifiques - s\u00e9minaires, journ\u00e9es, conf\u00e9rences\",\"isPartOf\":{\"@id\":\"https:\\\/\\\/sprf.asso.fr\\\/sprfwp\\\/#website\"},\"datePublished\":\"2019-09-17T10:19:55+00:00\",\"dateModified\":\"2023-07-26T08:51:10+00:00\",\"breadcrumb\":{\"@id\":\"https:\\\/\\\/sprf.asso.fr\\\/sprfwp\\\/activites-scientifiques\\\/#breadcrumb\"},\"inLanguage\":\"fr-FR\",\"potentialAction\":[{\"@type\":\"ReadAction\",\"target\":[\"https:\\\/\\\/sprf.asso.fr\\\/sprfwp\\\/activites-scientifiques\\\/\"]}]},{\"@type\":\"BreadcrumbList\",\"@id\":\"https:\\\/\\\/sprf.asso.fr\\\/sprfwp\\\/activites-scientifiques\\\/#breadcrumb\",\"itemListElement\":[{\"@type\":\"ListItem\",\"position\":1,\"name\":\"Accueil\",\"item\":\"https:\\\/\\\/sprf.asso.fr\\\/sprfwp\\\/\"},{\"@type\":\"ListItem\",\"position\":2,\"name\":\"Activit\u00e9s Scientifiques\"}]},{\"@type\":\"WebSite\",\"@id\":\"https:\\\/\\\/sprf.asso.fr\\\/sprfwp\\\/#website\",\"url\":\"https:\\\/\\\/sprf.asso.fr\\\/sprfwp\\\/\",\"name\":\"Soci\u00e9t\u00e9 Psychanalytique de Recherche et de Formation\",\"description\":\"Membre de l&#039;API - Fond\u00e9e en 2005\",\"publisher\":{\"@id\":\"https:\\\/\\\/sprf.asso.fr\\\/sprfwp\\\/#organization\"},\"potentialAction\":[{\"@type\":\"SearchAction\",\"target\":{\"@type\":\"EntryPoint\",\"urlTemplate\":\"https:\\\/\\\/sprf.asso.fr\\\/sprfwp\\\/?s={search_term_string}\"},\"query-input\":{\"@type\":\"PropertyValueSpecification\",\"valueRequired\":true,\"valueName\":\"search_term_string\"}}],\"inLanguage\":\"fr-FR\"},{\"@type\":\"Organization\",\"@id\":\"https:\\\/\\\/sprf.asso.fr\\\/sprfwp\\\/#organization\",\"name\":\"Soci\u00e9t\u00e9 Psychanalytique de Recherche et de Formation\",\"url\":\"https:\\\/\\\/sprf.asso.fr\\\/sprfwp\\\/\",\"logo\":{\"@type\":\"ImageObject\",\"inLanguage\":\"fr-FR\",\"@id\":\"https:\\\/\\\/sprf.asso.fr\\\/sprfwp\\\/#\\\/schema\\\/logo\\\/image\\\/\",\"url\":\"https:\\\/\\\/sprf.asso.fr\\\/sprfwp\\\/wp-content\\\/uploads\\\/2021\\\/09\\\/LogoIndex_K_260_neg-3_shade.png\",\"contentUrl\":\"https:\\\/\\\/sprf.asso.fr\\\/sprfwp\\\/wp-content\\\/uploads\\\/2021\\\/09\\\/LogoIndex_K_260_neg-3_shade.png\",\"width\":352,\"height\":201,\"caption\":\"Soci\u00e9t\u00e9 Psychanalytique de Recherche et de Formation\"},\"image\":{\"@id\":\"https:\\\/\\\/sprf.asso.fr\\\/sprfwp\\\/#\\\/schema\\\/logo\\\/image\\\/\"}}]}<\/script>\n<!-- \/ Yoast SEO plugin. -->","yoast_head_json":{"title":"Activit\u00e9s scientifiques - s\u00e9minaires, journ\u00e9es, conf\u00e9rences","robots":{"index":"index","follow":"follow","max-snippet":"max-snippet:-1","max-image-preview":"max-image-preview:large","max-video-preview":"max-video-preview:-1"},"canonical":"https:\/\/sprf.asso.fr\/sprfwp\/activites-scientifiques\/","og_locale":"fr_FR","og_type":"article","og_title":"Activit\u00e9s scientifiques - s\u00e9minaires, journ\u00e9es, conf\u00e9rences","og_description":"\u00a0PR\u00c9SENTATION : La SPRF organise r\u00e9guli\u00e8rement des activit\u00e9s scientifiques \u00e0 la fois dans le cadre de la formation des psychanalystes (Analystes En Formation) et en direction des praticiens int\u00e9ress\u00e9s qui peuvent y \u00eatre admis moyennant le paiement d&rsquo;une cotisation annuelle, apr\u00e8s avoir eu un contact avec le secr\u00e9taire g\u00e9n\u00e9ral de la SPRF : &nbsp; \u25ca\u00a0 [&hellip;]","og_url":"https:\/\/sprf.asso.fr\/sprfwp\/activites-scientifiques\/","og_site_name":"Soci\u00e9t\u00e9 Psychanalytique de Recherche et de Formation","article_modified_time":"2023-07-26T08:51:10+00:00","twitter_card":"summary_large_image","twitter_misc":{"Dur\u00e9e de lecture estim\u00e9e":"3 minutes"},"schema":{"@context":"https:\/\/schema.org","@graph":[{"@type":"WebPage","@id":"https:\/\/sprf.asso.fr\/sprfwp\/activites-scientifiques\/","url":"https:\/\/sprf.asso.fr\/sprfwp\/activites-scientifiques\/","name":"Activit\u00e9s scientifiques - s\u00e9minaires, journ\u00e9es, conf\u00e9rences","isPartOf":{"@id":"https:\/\/sprf.asso.fr\/sprfwp\/#website"},"datePublished":"2019-09-17T10:19:55+00:00","dateModified":"2023-07-26T08:51:10+00:00","breadcrumb":{"@id":"https:\/\/sprf.asso.fr\/sprfwp\/activites-scientifiques\/#breadcrumb"},"inLanguage":"fr-FR","potentialAction":[{"@type":"ReadAction","target":["https:\/\/sprf.asso.fr\/sprfwp\/activites-scientifiques\/"]}]},{"@type":"BreadcrumbList","@id":"https:\/\/sprf.asso.fr\/sprfwp\/activites-scientifiques\/#breadcrumb","itemListElement":[{"@type":"ListItem","position":1,"name":"Accueil","item":"https:\/\/sprf.asso.fr\/sprfwp\/"},{"@type":"ListItem","position":2,"name":"Activit\u00e9s Scientifiques"}]},{"@type":"WebSite","@id":"https:\/\/sprf.asso.fr\/sprfwp\/#website","url":"https:\/\/sprf.asso.fr\/sprfwp\/","name":"Soci\u00e9t\u00e9 Psychanalytique de Recherche et de Formation","description":"Membre de l&#039;API - Fond\u00e9e en 2005","publisher":{"@id":"https:\/\/sprf.asso.fr\/sprfwp\/#organization"},"potentialAction":[{"@type":"SearchAction","target":{"@type":"EntryPoint","urlTemplate":"https:\/\/sprf.asso.fr\/sprfwp\/?s={search_term_string}"},"query-input":{"@type":"PropertyValueSpecification","valueRequired":true,"valueName":"search_term_string"}}],"inLanguage":"fr-FR"},{"@type":"Organization","@id":"https:\/\/sprf.asso.fr\/sprfwp\/#organization","name":"Soci\u00e9t\u00e9 Psychanalytique de Recherche et de Formation","url":"https:\/\/sprf.asso.fr\/sprfwp\/","logo":{"@type":"ImageObject","inLanguage":"fr-FR","@id":"https:\/\/sprf.asso.fr\/sprfwp\/#\/schema\/logo\/image\/","url":"https:\/\/sprf.asso.fr\/sprfwp\/wp-content\/uploads\/2021\/09\/LogoIndex_K_260_neg-3_shade.png","contentUrl":"https:\/\/sprf.asso.fr\/sprfwp\/wp-content\/uploads\/2021\/09\/LogoIndex_K_260_neg-3_shade.png","width":352,"height":201,"caption":"Soci\u00e9t\u00e9 Psychanalytique de Recherche et de Formation"},"image":{"@id":"https:\/\/sprf.asso.fr\/sprfwp\/#\/schema\/logo\/image\/"}}]}},"_links":{"self":[{"href":"https:\/\/sprf.asso.fr\/sprfwp\/wp-json\/wp\/v2\/pages\/39","targetHints":{"allow":["GET"]}}],"collection":[{"href":"https:\/\/sprf.asso.fr\/sprfwp\/wp-json\/wp\/v2\/pages"}],"about":[{"href":"https:\/\/sprf.asso.fr\/sprfwp\/wp-json\/wp\/v2\/types\/page"}],"author":[{"embeddable":true,"href":"https:\/\/sprf.asso.fr\/sprfwp\/wp-json\/wp\/v2\/users\/1"}],"replies":[{"embeddable":true,"href":"https:\/\/sprf.asso.fr\/sprfwp\/wp-json\/wp\/v2\/comments?post=39"}],"version-history":[{"count":54,"href":"https:\/\/sprf.asso.fr\/sprfwp\/wp-json\/wp\/v2\/pages\/39\/revisions"}],"predecessor-version":[{"id":8918,"href":"https:\/\/sprf.asso.fr\/sprfwp\/wp-json\/wp\/v2\/pages\/39\/revisions\/8918"}],"wp:attachment":[{"href":"https:\/\/sprf.asso.fr\/sprfwp\/wp-json\/wp\/v2\/media?parent=39"}],"curies":[{"name":"wp","href":"https:\/\/api.w.org\/{rel}","templated":true}]}}