{"id":3415,"date":"2019-12-11T12:49:08","date_gmt":"2019-12-11T11:49:08","guid":{"rendered":"http:\/\/sprf.asso.fr\/sprfwp\/?page_id=3415"},"modified":"2020-07-28T11:51:24","modified_gmt":"2020-07-28T10:51:24","slug":"videos","status":"publish","type":"page","link":"https:\/\/sprf.asso.fr\/sprfwp\/videos\/","title":{"rendered":"vid\u00e9os"},"content":{"rendered":"<div id=\"pl-3415\"  class=\"panel-layout\" >\n<div id=\"pg-3415-0\"  class=\"panel-grid panel-no-style\" >\n<div id=\"pgc-3415-0-0\"  class=\"panel-grid-cell\"  data-weight=\"1\" >\n<div id=\"panel-3415-0-0-0\" class=\"so-panel widget widget_sow-editor panel-first-child panel-last-child\" data-index=\"0\" data-style=\"{&quot;background_image_attachment&quot;:false,&quot;background_display&quot;:&quot;tile&quot;}\" >\n<div class=\"so-widget-sow-editor so-widget-sow-editor-base\">\n<div class=\"siteorigin-widget-tinymce textwidget\">\n<p style=\"width: 130px; height: 90px; display: inline-block; vertical-align: top; font-family: Arial, Helvetica, sans-serif; font-weight: normal; text-align: center; color: #ffffff; font-size: 18px; font-variant: small-caps; background: -moz-linear-gradient(top, rgba(160,0,0,1) 0%, rgba(160,0,0,1) 1%, rgba(160,0,0,0.68) 100%); \/* ff3.6-15 *\/ background: -webkit-linear-gradient(top, rgba(160,0,0,1) 0%,rgba(160,0,0,1) 1%,rgba(160,0,0,0.68) 100%); \/* chrome10-25,safari5.1-6 *\/ background: linear-gradient(to bottom, rgba(160,0,0,1) 0%,rgba(160,0,0,1) 1%,rgba(160,0,0,0.68) 100%); \/* w3c, ie10+, ff16+, chrome26+, opera12+, safari7+ *\/ filter: progid:DXImageTransform.Microsoft.gradient( startColorstr='#a00000', endColorstr='#ada00000',GradientType=0 ); \/* ie6-9 *\/; padding: 50px 5px 0px 5px; margin: 10px 0px 10px 0px;\"><a style=\"color: #ffffff; text-decoration: none;\" href=\"https:\/\/sprf.asso.fr\/sprfwp\/activites-scientifiques\/\">Pr\u00e9sentation<\/a><\/p>\n<p style=\"width: 130px; height: 110px; display: inline-block; vertical-align: top; font-family: Arial, Helvetica, sans-serif; font-weight: normal; text-align: center; color: #ffffff; font-size: 18px; font-variant: small-caps; background: linear-gradient(to bottom, #cc4300 0%,#cc8666 100%); filter: progid:DXImageTransform.Microsoft.gradient( startColorstr='#cc4300', endColorstr='#cc8666',GradientType=0 ); padding: 30px 5px 0px 5px; margin: 10px 0px 10px 0px;\"><a style=\"color: #ffffff; text-decoration: none;\" href=\"http:\/\/sprf.asso.fr\/sprfwp\/index.php\/2017\/06\/23\/seminaires-permanents\/\">S\u00e9minaires<br \/>\nmensuels<br \/>\nConf\u00e9rences<\/a><\/p>\n<p style=\"width: 130px; height: 110px; display: inline-block; vertical-align: top; font-family: Arial, Helvetica, sans-serif; font-weight: normal; text-align: center; color: #ffffff; font-size: 18px; font-variant: small-caps; background: -moz-linear-gradient(top, rgba(128,0,16,1) 0%, rgba(128,0,16,0.76) 100%); \/* ff3.6-15 *\/ background: -webkit-linear-gradient(top, rgba(128,0,16,1) 0%,rgba(128,0,16,0.76) 100%); \/* chrome10-25,safari5.1-6 *\/ background: linear-gradient(to bottom, rgba(128,0,16,1) 0%,rgba(128,0,16,0.76) 100%); \/* w3c, ie10+, ff16+, chrome26+, opera12+, safari7+ *\/ filter: progid:DXImageTransform.Microsoft.gradient( startColorstr='#800010', endColorstr='#c2800010',GradientType=0 ); \/* ie6-9 *\/; padding: 30px 5px 0px 5px; margin: 10px 0px 10px 0px;\"><a style=\"color: #ffffff; text-decoration: none;\" href=\"http:\/\/sprf.asso.fr\/sprfwp\/index.php\/2017\/06\/23\/groupes-de-travail\/\">Groupes<br \/>\nde<br \/>\nTravail<\/a><\/p>\n<p style=\"width: 130px; height: 120px; display: inline-block; vertical-align: top; font-family: Arial, Helvetica, sans-serif; font-weight: normal; text-align: center; color: #ffffff; font-size: 18px; font-variant: small-caps; background: -moz-linear-gradient(top, rgba(160,0,0,1) 0%, rgba(160,0,0,1) 1%, rgba(160,0,0,0.68) 100%); \/* ff3.6-15 *\/ background: -webkit-linear-gradient(top, rgba(160,0,0,1) 0%,rgba(160,0,0,1) 1%,rgba(160,0,0,0.68) 100%); \/* chrome10-25,safari5.1-6 *\/ background: linear-gradient(to bottom, rgba(160,0,0,1) 0%,rgba(160,0,0,1) 1%,rgba(160,0,0,0.68) 100%); \/* w3c, ie10+, ff16+, chrome26+, opera12+, safari7+ *\/ filter: progid:DXImageTransform.Microsoft.gradient( startColorstr='#a00000', endColorstr='#ada00000',GradientType=0 ); \/* ie6-9 *\/; padding: 20px 5px 0px 5px; margin: 10px 0px 10px 0px;\"><a style=\"color: #ffffff; text-decoration: none;\" href=\"https:\/\/sprf.asso.fr\/sprfwp\/2020\/07\/28\/journees-et-matinees-scientifiques-3\/\">Journ\u00e9es<br \/>\net<br \/>\nmatin\u00e9es<br \/>\nScientifiques<\/a><\/p>\n<p style=\"width: 130px; height: 110px; display: inline-block; vertical-align: top; font-family: Arial, Helvetica, sans-serif; font-weight: normal; text-align: center; color: #ffffff; font-size: 18px; font-variant: small-caps; background: -moz-linear-gradient(top, rgba(160,0,0,1) 0%, rgba(160,0,0,1) 1%, rgba(160,0,0,0.68) 100%); \/* ff3.6-15 *\/ background: -webkit-linear-gradient(top, rgba(160,0,0,1) 0%,rgba(160,0,0,1) 1%,rgba(160,0,0,0.68) 100%); \/* chrome10-25,safari5.1-6 *\/ background: linear-gradient(to bottom, rgba(160,0,0,1) 0%,rgba(160,0,0,1) 1%,rgba(160,0,0,0.68) 100%); \/* w3c, ie10+, ff16+, chrome26+, opera12+, safari7+ *\/ filter: progid:DXImageTransform.Microsoft.gradient( startColorstr='#a00000', endColorstr='#ada00000',GradientType=0 ); \/* ie6-9 *\/; padding: 30px 5px 0px 5px; margin: 10px 0px 10px 0px;\"><a style=\"color: #ffffff; text-decoration: none;\" href=\"http:\/\/sprf.asso.fr\/sprfwp\/index.php\/2017\/06\/23\/activites-en-lien-avec-la-sprf\/\">Activit\u00e9s<br \/>\nen lien<br \/>\navec la SPRF<\/a><\/p>\n<p style=\"width: 130px; height: 90px; display: inline-block; vertical-align: top; font-family: Arial, Helvetica, sans-serif; font-weight: normal; text-align: center; color: #ffffff; font-size: 18px; font-variant: small-caps; background: linear-gradient(to bottom, #cc4300 0%,#cc8666 100%); filter: progid:DXImageTransform.Microsoft.gradient( startColorstr='#cc4300', endColorstr='#cc8666',GradientType=0 ); padding: 50px 5px 0px 5px; margin: 10px 0px 10px 0px;\"><a style=\"color: #ffffff; text-decoration: none;\" href=\"http:\/\/sprf.asso.fr\/sprfwp\/index.php\/historique-des-activites-scientifiques\/\">Historique<\/a><\/p>\n<p style=\"width: 130px; height: 90px; display: inline-block; vertical-align: top; font-family: Arial, Helvetica, sans-serif; font-weight: normal; text-align: center; color: #ffffff; font-size: 18px; font-variant: small-caps; background: -moz-linear-gradient(top, rgba(128,0,16,1) 0%, rgba(128,0,16,0.76) 100%); \/* ff3.6-15 *\/ background: -webkit-linear-gradient(top, rgba(128,0,16,1) 0%,rgba(128,0,16,0.76) 100%); \/* chrome10-25,safari5.1-6 *\/ background: linear-gradient(to bottom, rgba(128,0,16,1) 0%,rgba(128,0,16,0.76) 100%); \/* w3c, ie10+, ff16+, chrome26+, opera12+, safari7+ *\/ filter: progid:DXImageTransform.Microsoft.gradient( startColorstr='#800010', endColorstr='#c2800010',GradientType=0 ); \/* ie6-9 *\/; padding: 50px 5px 0px 5px; margin: 10px 0px 10px 0px;\"><a style=\"color: #ffffff; text-decoration: none;\" href=\"http:\/\/sprf.asso.fr\/sprfwp\/index.php\/videos\/\">Vid\u00e9os<\/a><\/p>\n<p><!-- \/\/ LE CONTENU COMMENCE CI-DESSOUS \/\/ --><\/p>\n<h1>5 octobre 2019<\/h1>\n<h1>Matin\u00e9e autour du livre de Jean-Claude Stoloff<br \/>\n&lsquo;Psychanalyse et Civilisation Contemporaine&rsquo;<\/h1>\n<h3>Introduction de Patrick Miller<\/h3>\n<p><video poster=\"http:\/\/sprf.asso.fr\/sprfwp\/wp-content\/uploads\/2019\/12\/sprf_visuel_stoloff_5oct2019_poster-video.jpg\" controls=\"controls\" width=\"640\" height=\"480\"><source src=\"http:\/\/sprf.asso.fr\/sprfwp\/wp-content\/uploads\/video\/20191005_Introduction-Patrick-MILLER_2.mp4\" type=\"video\/mp4\" \/><\/video><\/p>\n<h3>Intervention de Jean-Claude Stoloff<\/h3>\n<p><video poster=\"http:\/\/sprf.asso.fr\/sprfwp\/wp-content\/uploads\/2019\/12\/sprf_visuel_stoloff_5oct2019_poster-video.jpg\" controls=\"controls\" width=\"640\" height=\"480\"><source src=\"http:\/\/sprf.asso.fr\/sprfwp\/wp-content\/uploads\/video\/20191005_Intervention-J-C-STOLOFF_OK.mp4\" type=\"video\/mp4\" \/><\/video><\/p>\n<h3>Extraits des interventions de Christine Voyenne et d&rsquo;Andr\u00e9 Beetschen.<br \/>\nR\u00e9ponses de Jean-Claude Stoloff<\/h3>\n<p><video poster=\"http:\/\/sprf.asso.fr\/sprfwp\/wp-content\/uploads\/2019\/12\/sprf_visuel_stoloff_5oct2019_poster-video.jpg\" controls=\"controls\" width=\"640\" height=\"480\"><source src=\"http:\/\/sprf.asso.fr\/sprfwp\/wp-content\/uploads\/video\/20191005_Extraits-VOYENNE-et-BETSCHEN.mp4\" type=\"video\/mp4\" \/><\/video><\/p>\n<h3>D\u00e9bats : Extraits des r\u00e9ponses de Jean-Claude Stoloff (suite)<\/h3>\n<p><video poster=\"http:\/\/sprf.asso.fr\/sprfwp\/wp-content\/uploads\/2019\/12\/sprf_visuel_stoloff_5oct2019_poster-video.jpg\" controls=\"controls\" width=\"640\" height=\"480\"><source src=\"http:\/\/sprf.asso.fr\/sprfwp\/wp-content\/uploads\/video\/20191005_Debat-avec-Jean-Claude-STOLOFF.mp4\" type=\"video\/mp4\" \/><\/video><\/div>\n<\/div>\n<\/div>\n<\/div>\n<\/div>\n<\/div>\n","protected":false},"excerpt":{"rendered":"<p>Pr\u00e9sentation S\u00e9minaires mensuels Conf\u00e9rences Groupes de Travail Journ\u00e9es et matin\u00e9es Scientifiques Activit\u00e9s en lien avec la SPRF Historique Vid\u00e9os 5 octobre 2019 Matin\u00e9e autour du livre de Jean-Claude Stoloff &lsquo;Psychanalyse et Civilisation Contemporaine&rsquo; Introduction de Patrick Miller Intervention de Jean-Claude Stoloff Extraits des interventions de Christine Voyenne et d&rsquo;Andr\u00e9 Beetschen. R\u00e9ponses de Jean-Claude Stoloff D\u00e9bats [&hellip;]<\/p>\n","protected":false},"author":3,"featured_media":0,"parent":0,"menu_order":0,"comment_status":"closed","ping_status":"closed","template":"","meta":{"_acf_changed":false,"site-sidebar-layout":"default","site-content-layout":"","ast-site-content-layout":"default","site-content-style":"default","site-sidebar-style":"default","ast-global-header-display":"","ast-banner-title-visibility":"","ast-main-header-display":"","ast-hfb-above-header-display":"","ast-hfb-below-header-display":"","ast-hfb-mobile-header-display":"","site-post-title":"","ast-breadcrumbs-content":"","ast-featured-img":"","footer-sml-layout":"","ast-disable-related-posts":"","theme-transparent-header-meta":"","adv-header-id-meta":"","stick-header-meta":"","header-above-stick-meta":"","header-main-stick-meta":"","header-below-stick-meta":"","astra-migrate-meta-layouts":"default","ast-page-background-enabled":"default","ast-page-background-meta":{"desktop":{"background-color":"var(--ast-global-color-4)","background-image":"","background-repeat":"repeat","background-position":"center center","background-size":"auto","background-attachment":"scroll","background-type":"","background-media":"","overlay-type":"","overlay-color":"","overlay-opacity":"","overlay-gradient":""},"tablet":{"background-color":"","background-image":"","background-repeat":"repeat","background-position":"center center","background-size":"auto","background-attachment":"scroll","background-type":"","background-media":"","overlay-type":"","overlay-color":"","overlay-opacity":"","overlay-gradient":""},"mobile":{"background-color":"","background-image":"","background-repeat":"repeat","background-position":"center center","background-size":"auto","background-attachment":"scroll","background-type":"","background-media":"","overlay-type":"","overlay-color":"","overlay-opacity":"","overlay-gradient":""}},"ast-content-background-meta":{"desktop":{"background-color":"var(--ast-global-color-5)","background-image":"","background-repeat":"repeat","background-position":"center center","background-size":"auto","background-attachment":"scroll","background-type":"","background-media":"","overlay-type":"","overlay-color":"","overlay-opacity":"","overlay-gradient":""},"tablet":{"background-color":"var(--ast-global-color-5)","background-image":"","background-repeat":"repeat","background-position":"center center","background-size":"auto","background-attachment":"scroll","background-type":"","background-media":"","overlay-type":"","overlay-color":"","overlay-opacity":"","overlay-gradient":""},"mobile":{"background-color":"var(--ast-global-color-5)","background-image":"","background-repeat":"repeat","background-position":"center center","background-size":"auto","background-attachment":"scroll","background-type":"","background-media":"","overlay-type":"","overlay-color":"","overlay-opacity":"","overlay-gradient":""}},"footnotes":""},"class_list":["post-3415","page","type-page","status-publish","hentry"],"acf":[],"yoast_head":"<!-- This site is optimized with the Yoast SEO plugin v27.5 - https:\/\/yoast.com\/product\/yoast-seo-wordpress\/ -->\n<title>vid\u00e9os - Soci\u00e9t\u00e9 Psychanalytique de Recherche et de Formation<\/title>\n<meta name=\"robots\" content=\"index, follow, max-snippet:-1, max-image-preview:large, max-video-preview:-1\" \/>\n<link rel=\"canonical\" href=\"https:\/\/sprf.asso.fr\/sprfwp\/videos\/\" \/>\n<meta property=\"og:locale\" content=\"fr_FR\" \/>\n<meta property=\"og:type\" content=\"article\" \/>\n<meta property=\"og:title\" content=\"vid\u00e9os - Soci\u00e9t\u00e9 Psychanalytique de Recherche et de Formation\" \/>\n<meta property=\"og:description\" content=\"Pr\u00e9sentation S\u00e9minaires mensuels Conf\u00e9rences Groupes de Travail Journ\u00e9es et matin\u00e9es Scientifiques Activit\u00e9s en lien avec la SPRF Historique Vid\u00e9os 5 octobre 2019 Matin\u00e9e autour du livre de Jean-Claude Stoloff &lsquo;Psychanalyse et Civilisation Contemporaine&rsquo; Introduction de Patrick Miller Intervention de Jean-Claude Stoloff Extraits des interventions de Christine Voyenne et d&rsquo;Andr\u00e9 Beetschen. R\u00e9ponses de Jean-Claude Stoloff D\u00e9bats [&hellip;]\" \/>\n<meta property=\"og:url\" content=\"https:\/\/sprf.asso.fr\/sprfwp\/videos\/\" \/>\n<meta property=\"og:site_name\" content=\"Soci\u00e9t\u00e9 Psychanalytique de Recherche et de Formation\" \/>\n<meta property=\"article:modified_time\" content=\"2020-07-28T10:51:24+00:00\" \/>\n<meta name=\"twitter:card\" content=\"summary_large_image\" \/>\n<script type=\"application\/ld+json\" class=\"yoast-schema-graph\">{\"@context\":\"https:\\\/\\\/schema.org\",\"@graph\":[{\"@type\":\"WebPage\",\"@id\":\"https:\\\/\\\/sprf.asso.fr\\\/sprfwp\\\/videos\\\/\",\"url\":\"https:\\\/\\\/sprf.asso.fr\\\/sprfwp\\\/videos\\\/\",\"name\":\"vid\u00e9os - Soci\u00e9t\u00e9 Psychanalytique de Recherche et de Formation\",\"isPartOf\":{\"@id\":\"https:\\\/\\\/sprf.asso.fr\\\/sprfwp\\\/#website\"},\"datePublished\":\"2019-12-11T11:49:08+00:00\",\"dateModified\":\"2020-07-28T10:51:24+00:00\",\"breadcrumb\":{\"@id\":\"https:\\\/\\\/sprf.asso.fr\\\/sprfwp\\\/videos\\\/#breadcrumb\"},\"inLanguage\":\"fr-FR\",\"potentialAction\":[{\"@type\":\"ReadAction\",\"target\":[\"https:\\\/\\\/sprf.asso.fr\\\/sprfwp\\\/videos\\\/\"]}]},{\"@type\":\"BreadcrumbList\",\"@id\":\"https:\\\/\\\/sprf.asso.fr\\\/sprfwp\\\/videos\\\/#breadcrumb\",\"itemListElement\":[{\"@type\":\"ListItem\",\"position\":1,\"name\":\"Accueil\",\"item\":\"https:\\\/\\\/sprf.asso.fr\\\/sprfwp\\\/\"},{\"@type\":\"ListItem\",\"position\":2,\"name\":\"vid\u00e9os\"}]},{\"@type\":\"WebSite\",\"@id\":\"https:\\\/\\\/sprf.asso.fr\\\/sprfwp\\\/#website\",\"url\":\"https:\\\/\\\/sprf.asso.fr\\\/sprfwp\\\/\",\"name\":\"Soci\u00e9t\u00e9 Psychanalytique de Recherche et de Formation\",\"description\":\"Membre de l&#039;API - Fond\u00e9e en 2005\",\"publisher\":{\"@id\":\"https:\\\/\\\/sprf.asso.fr\\\/sprfwp\\\/#organization\"},\"potentialAction\":[{\"@type\":\"SearchAction\",\"target\":{\"@type\":\"EntryPoint\",\"urlTemplate\":\"https:\\\/\\\/sprf.asso.fr\\\/sprfwp\\\/?s={search_term_string}\"},\"query-input\":{\"@type\":\"PropertyValueSpecification\",\"valueRequired\":true,\"valueName\":\"search_term_string\"}}],\"inLanguage\":\"fr-FR\"},{\"@type\":\"Organization\",\"@id\":\"https:\\\/\\\/sprf.asso.fr\\\/sprfwp\\\/#organization\",\"name\":\"Soci\u00e9t\u00e9 Psychanalytique de Recherche et de Formation\",\"url\":\"https:\\\/\\\/sprf.asso.fr\\\/sprfwp\\\/\",\"logo\":{\"@type\":\"ImageObject\",\"inLanguage\":\"fr-FR\",\"@id\":\"https:\\\/\\\/sprf.asso.fr\\\/sprfwp\\\/#\\\/schema\\\/logo\\\/image\\\/\",\"url\":\"https:\\\/\\\/sprf.asso.fr\\\/sprfwp\\\/wp-content\\\/uploads\\\/2021\\\/09\\\/LogoIndex_K_260_neg-3_shade.png\",\"contentUrl\":\"https:\\\/\\\/sprf.asso.fr\\\/sprfwp\\\/wp-content\\\/uploads\\\/2021\\\/09\\\/LogoIndex_K_260_neg-3_shade.png\",\"width\":352,\"height\":201,\"caption\":\"Soci\u00e9t\u00e9 Psychanalytique de Recherche et de Formation\"},\"image\":{\"@id\":\"https:\\\/\\\/sprf.asso.fr\\\/sprfwp\\\/#\\\/schema\\\/logo\\\/image\\\/\"}}]}<\/script>\n<!-- \/ Yoast SEO plugin. -->","yoast_head_json":{"title":"vid\u00e9os - Soci\u00e9t\u00e9 Psychanalytique de Recherche et de Formation","robots":{"index":"index","follow":"follow","max-snippet":"max-snippet:-1","max-image-preview":"max-image-preview:large","max-video-preview":"max-video-preview:-1"},"canonical":"https:\/\/sprf.asso.fr\/sprfwp\/videos\/","og_locale":"fr_FR","og_type":"article","og_title":"vid\u00e9os - Soci\u00e9t\u00e9 Psychanalytique de Recherche et de Formation","og_description":"Pr\u00e9sentation S\u00e9minaires mensuels Conf\u00e9rences Groupes de Travail Journ\u00e9es et matin\u00e9es Scientifiques Activit\u00e9s en lien avec la SPRF Historique Vid\u00e9os 5 octobre 2019 Matin\u00e9e autour du livre de Jean-Claude Stoloff &lsquo;Psychanalyse et Civilisation Contemporaine&rsquo; Introduction de Patrick Miller Intervention de Jean-Claude Stoloff Extraits des interventions de Christine Voyenne et d&rsquo;Andr\u00e9 Beetschen. R\u00e9ponses de Jean-Claude Stoloff D\u00e9bats [&hellip;]","og_url":"https:\/\/sprf.asso.fr\/sprfwp\/videos\/","og_site_name":"Soci\u00e9t\u00e9 Psychanalytique de Recherche et de Formation","article_modified_time":"2020-07-28T10:51:24+00:00","twitter_card":"summary_large_image","schema":{"@context":"https:\/\/schema.org","@graph":[{"@type":"WebPage","@id":"https:\/\/sprf.asso.fr\/sprfwp\/videos\/","url":"https:\/\/sprf.asso.fr\/sprfwp\/videos\/","name":"vid\u00e9os - Soci\u00e9t\u00e9 Psychanalytique de Recherche et de Formation","isPartOf":{"@id":"https:\/\/sprf.asso.fr\/sprfwp\/#website"},"datePublished":"2019-12-11T11:49:08+00:00","dateModified":"2020-07-28T10:51:24+00:00","breadcrumb":{"@id":"https:\/\/sprf.asso.fr\/sprfwp\/videos\/#breadcrumb"},"inLanguage":"fr-FR","potentialAction":[{"@type":"ReadAction","target":["https:\/\/sprf.asso.fr\/sprfwp\/videos\/"]}]},{"@type":"BreadcrumbList","@id":"https:\/\/sprf.asso.fr\/sprfwp\/videos\/#breadcrumb","itemListElement":[{"@type":"ListItem","position":1,"name":"Accueil","item":"https:\/\/sprf.asso.fr\/sprfwp\/"},{"@type":"ListItem","position":2,"name":"vid\u00e9os"}]},{"@type":"WebSite","@id":"https:\/\/sprf.asso.fr\/sprfwp\/#website","url":"https:\/\/sprf.asso.fr\/sprfwp\/","name":"Soci\u00e9t\u00e9 Psychanalytique de Recherche et de Formation","description":"Membre de l&#039;API - Fond\u00e9e en 2005","publisher":{"@id":"https:\/\/sprf.asso.fr\/sprfwp\/#organization"},"potentialAction":[{"@type":"SearchAction","target":{"@type":"EntryPoint","urlTemplate":"https:\/\/sprf.asso.fr\/sprfwp\/?s={search_term_string}"},"query-input":{"@type":"PropertyValueSpecification","valueRequired":true,"valueName":"search_term_string"}}],"inLanguage":"fr-FR"},{"@type":"Organization","@id":"https:\/\/sprf.asso.fr\/sprfwp\/#organization","name":"Soci\u00e9t\u00e9 Psychanalytique de Recherche et de Formation","url":"https:\/\/sprf.asso.fr\/sprfwp\/","logo":{"@type":"ImageObject","inLanguage":"fr-FR","@id":"https:\/\/sprf.asso.fr\/sprfwp\/#\/schema\/logo\/image\/","url":"https:\/\/sprf.asso.fr\/sprfwp\/wp-content\/uploads\/2021\/09\/LogoIndex_K_260_neg-3_shade.png","contentUrl":"https:\/\/sprf.asso.fr\/sprfwp\/wp-content\/uploads\/2021\/09\/LogoIndex_K_260_neg-3_shade.png","width":352,"height":201,"caption":"Soci\u00e9t\u00e9 Psychanalytique de Recherche et de Formation"},"image":{"@id":"https:\/\/sprf.asso.fr\/sprfwp\/#\/schema\/logo\/image\/"}}]}},"_links":{"self":[{"href":"https:\/\/sprf.asso.fr\/sprfwp\/wp-json\/wp\/v2\/pages\/3415","targetHints":{"allow":["GET"]}}],"collection":[{"href":"https:\/\/sprf.asso.fr\/sprfwp\/wp-json\/wp\/v2\/pages"}],"about":[{"href":"https:\/\/sprf.asso.fr\/sprfwp\/wp-json\/wp\/v2\/types\/page"}],"author":[{"embeddable":true,"href":"https:\/\/sprf.asso.fr\/sprfwp\/wp-json\/wp\/v2\/users\/3"}],"replies":[{"embeddable":true,"href":"https:\/\/sprf.asso.fr\/sprfwp\/wp-json\/wp\/v2\/comments?post=3415"}],"version-history":[{"count":28,"href":"https:\/\/sprf.asso.fr\/sprfwp\/wp-json\/wp\/v2\/pages\/3415\/revisions"}],"predecessor-version":[{"id":4188,"href":"https:\/\/sprf.asso.fr\/sprfwp\/wp-json\/wp\/v2\/pages\/3415\/revisions\/4188"}],"wp:attachment":[{"href":"https:\/\/sprf.asso.fr\/sprfwp\/wp-json\/wp\/v2\/media?parent=3415"}],"curies":[{"name":"wp","href":"https:\/\/api.w.org\/{rel}","templated":true}]}}