{"id":214,"date":"2017-01-27T17:10:08","date_gmt":"2017-01-27T16:10:08","guid":{"rendered":"http:\/\/sprf.asso.fr\/sprfwp\/?page_id=214"},"modified":"2023-07-26T09:53:44","modified_gmt":"2023-07-26T08:53:44","slug":"contact","status":"publish","type":"page","link":"https:\/\/sprf.asso.fr\/sprfwp\/contact\/","title":{"rendered":"Contact &#038; Liens"},"content":{"rendered":"<p style=\"text-align: left;\"><a style=\"color: #333; text-decoration: none;\" href=\"#liens\">Voir la liste des LIENS \u00bb<\/a><\/p>\n<h3>CONTACT<\/h3>\n<p style=\"text-align: left;\"><span style=\"font-size: 12pt; color: #333333;\">Vous pouvez contacter le secr\u00e9tariat de la S.P.R.F. :<br \/>\n<strong>par t\u00e9l\u00e9phone au :\u00a0 06 33 45 59 93\u00a0les mardis et vendredis de 8h30 \u00e0 13h<\/strong><br \/>\n<strong>ou par courriel<\/strong> en remplissant le formulaire ci-dessous :<\/span><br \/>\n(Merci de bien vouloir remplir tous les champs,\u00a0tous ces \u00e9l\u00e9ments nous sont n\u00e9cessaires pour vous r\u00e9pondre)<\/p>\n<p style=\"text-align: left;\"><strong><i>Si vous d\u00e9sirez parler directement \u00e0 un membre de la SPRF au sujet de la formation que nous proposons ou des activit\u00e9s que nous organisons, vous pouvez contacter la Secr\u00e9taire G\u00e9n\u00e9rale, Madame Jolanta Tijus Glazewski : <a href=\"mailto:jolanta.tijusglazewski@gmail.com\" target=\"_blank\" rel=\"noopener\">jolanta.tijusglazewski@gmail.com<\/a><\/i><\/strong><\/p>\n<table class=\" alignleft\" style=\"width: 100%; border-collapse: collapse; vertical-align: top;\">\n<tbody>\n<tr>\n<td style=\"width: 50%;\">\n<div class=\"wpcf7 no-js\" id=\"wpcf7-f296-o1\" lang=\"fr-FR\" dir=\"ltr\" data-wpcf7-id=\"296\">\n<div class=\"screen-reader-response\"><p role=\"status\" aria-live=\"polite\" aria-atomic=\"true\"><\/p> <ul><\/ul><\/div>\n<form action=\"\/sprfwp\/wp-json\/wp\/v2\/pages\/214#wpcf7-f296-o1\" method=\"post\" class=\"wpcf7-form init\" aria-label=\"Formulaire de contact\" novalidate=\"novalidate\" data-status=\"init\">\n<fieldset class=\"hidden-fields-container\"><input type=\"hidden\" name=\"_wpcf7\" value=\"296\" \/><input type=\"hidden\" name=\"_wpcf7_version\" value=\"6.1.5\" \/><input type=\"hidden\" name=\"_wpcf7_locale\" value=\"fr_FR\" \/><input type=\"hidden\" name=\"_wpcf7_unit_tag\" value=\"wpcf7-f296-o1\" \/><input type=\"hidden\" name=\"_wpcf7_container_post\" value=\"0\" \/><input type=\"hidden\" name=\"_wpcf7_posted_data_hash\" value=\"\" \/><input type=\"hidden\" name=\"_wpcf7_recaptcha_response\" value=\"\" \/>\n<\/fieldset>\n<p><label> Votre nom<br \/>\n<span class=\"wpcf7-form-control-wrap\" data-name=\"your-name\"><input size=\"40\" maxlength=\"400\" class=\"wpcf7-form-control wpcf7-text wpcf7-validates-as-required\" aria-required=\"true\" aria-invalid=\"false\" value=\"\" type=\"text\" name=\"your-name\" \/><\/span> <\/label>\n<\/p>\n<p><label> Votre adresse <span class=\"wpcf7-form-control-wrap\" data-name=\"textarea-995\"><textarea cols=\"40\" rows=\"10\" maxlength=\"2000\" class=\"wpcf7-form-control wpcf7-textarea\" id=\"Votreadresse\" aria-invalid=\"false\" name=\"textarea-995\"><\/textarea><\/span><\/label>\n<\/p>\n<p><label> Votre t\u00e9l\u00e9phone <span class=\"wpcf7-form-control-wrap\" data-name=\"tel-60\"><input size=\"40\" maxlength=\"400\" class=\"wpcf7-form-control wpcf7-tel wpcf7-text wpcf7-validates-as-tel\" id=\"Votretlphone\" aria-invalid=\"false\" value=\"\" type=\"tel\" name=\"tel-60\" \/><\/span><\/label>\n<\/p>\n<p><label> Votre e-mail<br \/>\n<span class=\"wpcf7-form-control-wrap\" data-name=\"your-email\"><input size=\"40\" maxlength=\"400\" class=\"wpcf7-form-control wpcf7-email wpcf7-validates-as-required wpcf7-text wpcf7-validates-as-email\" aria-required=\"true\" aria-invalid=\"false\" value=\"\" type=\"email\" name=\"your-email\" \/><\/span> <\/label>\n<\/p>\n<p><label> Sujet<br \/>\n<span class=\"wpcf7-form-control-wrap\" data-name=\"your-subject\"><input size=\"40\" maxlength=\"400\" class=\"wpcf7-form-control wpcf7-text\" aria-invalid=\"false\" value=\"\" type=\"text\" name=\"your-subject\" \/><\/span> <\/label>\n<\/p>\n<p><label> Votre message<br \/>\n<span class=\"wpcf7-form-control-wrap\" data-name=\"your-message\"><textarea cols=\"40\" rows=\"10\" maxlength=\"2000\" class=\"wpcf7-form-control wpcf7-textarea\" aria-invalid=\"false\" name=\"your-message\"><\/textarea><\/span> <\/label>\n<\/p>\n<div class=\"g-recaptcha\" data-sitekey=\"6LeNPI0UAAAAAO9V5JAOT2eFQ9Ic3eQVr5oWVGyH\">\n<\/div>\n<p><input class=\"wpcf7-form-control wpcf7-submit has-spinner\" type=\"submit\" value=\"Envoyer\" \/>\n<\/p><div class=\"wpcf7-response-output\" aria-hidden=\"true\"><\/div>\n<\/form>\n<\/div>\n<\/td>\n<td style=\"width: 50%; vertical-align: top;\"><span style=\"color: #bf391b;\"><strong>Directeur de la Publication du site : <\/strong><\/span><\/p>\n<p>Jean-Philippe GUEGUEN, Pr\u00e9sident<span style=\"color: #bf391b;\"><br \/>\n<\/span><\/p>\n<p><span style=\"color: #bf391b;\"><strong>Responsable \u00e9ditoriale<\/strong> : <\/span>Christine VOYENNE<span style=\"color: #bf391b;\"><br \/>\n<strong>Contact<\/strong> :<span style=\"color: #339966;\"><a style=\"color: #339966;\" href=\"mailto:voyennechristine@gmail.com\" target=\"_blank\" rel=\"noopener\"> voyennechristine@gmail.com<br \/>\n<\/a><\/span><\/span><\/p>\n<h3 style=\"text-align: center; background-color: #3b5998; color: #fff; padding: 4px 12px;\"><span style=\"color: #ffffff;\"><strong><a style=\"color: #ffffff;\" href=\"https:\/\/www.facebook.com\/Soci%C3%A9t%C3%A9-Psychanalytique-de-Recherche-et-Formation-109705607094180\/\" target=\"_blank\" rel=\"noopener\">Retrouvez-nous \u00e9galement sur\u00a0Facebook<\/a><\/strong><\/span><\/h3>\n<\/td>\n<\/tr>\n<\/tbody>\n<\/table>\n<h3><a id=\"liens\"><\/a>LIENS<\/h3>\n<p><strong><span style=\"color: #bf391b;\">Sites d\u2019associations psychanalytiques internationales<\/span><\/strong><\/p>\n<ul style=\"list-style-type: circle;\">\n<li><a href=\"http:\/\/www.ipa.org.uk\/\" target=\"_blank\" rel=\"noopener\">International Psychoanalytical Association<\/a> (IPA) : &lsquo;Association Psychanalytique Internationale&rsquo;<\/li>\n<li><a href=\"http:\/\/www.epf-eu.org\/Public\/\" target=\"_blank\" rel=\"noopener\">F\u00e9d\u00e9ration Europ\u00e9enne de Psychanalyse<\/a> (FEP)<\/li>\n<li><a href=\"https:\/\/www.ipso.world\/\" target=\"_blank\" rel=\"noopener\">IPSO<\/a> : &lsquo;Organisation Internationale d\u2019\u00c9tudes de la Psychanalyse&rsquo; : Association Internationale des AEF de l&rsquo;IPA<\/li>\n<\/ul>\n<p><strong><span style=\"color: #bf391b;\">Sites des soci\u00e9t\u00e9s psychanalytiques membres de l\u2019API<\/span><\/strong><\/p>\n<ul style=\"list-style-type: circle;\">\n<li><a class=\"verslexterieurliste\" href=\"http:\/\/associationpsychanalytiquedefrance.org\/\" target=\"_blank\" rel=\"noopener noreferrer\">Association Psychanalytique de France<\/a><\/li>\n<li><a class=\"verslexterieurliste\" href=\"http:\/\/www.spp.asso.fr\/\" target=\"_blank\" rel=\"noopener noreferrer\">Soci\u00e9t\u00e9 Psychanalytique de Paris<\/a><\/li>\n<li><a class=\"verslexterieurliste\" href=\"http:\/\/www.aipsi.it\/\" target=\"_blank\" rel=\"noopener noreferrer\">Association Italienne de Psychanalyse<\/a><\/li>\n<li><a class=\"verslexterieurliste\" href=\"http:\/\/www.psychoanalysis.org.uk\/\" target=\"_blank\" rel=\"noopener noreferrer\">British Society of Psychoanalysis<\/a><\/li>\n<li><a class=\"verslexterieurliste\" href=\"http:\/\/www.dpv-psa.de\/\" target=\"_blank\" rel=\"noopener noreferrer\">Deutsche Psychoanalytische Vereinigung <\/a><\/li>\n<li><a class=\"verslexterieurliste\" href=\"http:\/\/www.psychoanalyse.be\/Public\/?language=fre\" target=\"_blank\" rel=\"noopener noreferrer\">Soci\u00e9t\u00e9 Belge de Psychanalyse<\/a><\/li>\n<li><a class=\"verslexterieurliste\" href=\"http:\/\/www.spiweb.it\/\" target=\"_blank\" rel=\"noopener noreferrer\">Soci\u00e9t\u00e9 Psychanalytique Italienne<\/a><\/li>\n<li><a class=\"verslexterieurliste\" href=\"http:\/\/www.psychoanalyse.ch\/\" target=\"_blank\" rel=\"noopener noreferrer\">Soci\u00e9t\u00e9 Suisse de Psychanalyse<\/a><\/li>\n<li><a class=\"verslexterieurliste\" href=\"http:\/\/www.apsa.org\/\" target=\"_blank\" rel=\"noopener noreferrer\">American Psychoanalytic Association<\/a><\/li>\n<li><a class=\"verslexterieurliste\" href=\"http:\/\/www.apa.org.ar\/home.php\" target=\"_blank\" rel=\"noopener noreferrer\">Asociaci\u00f3n Psichoanal\u00edtica Argentina<\/a><\/li>\n<li><a class=\"verslexterieurliste\" href=\"http:\/\/www.laisps.org\/\" target=\"_blank\" rel=\"noopener noreferrer\">Los Angeles Institute and Society for Psychoanalysis studies<\/a><\/li>\n<li><a class=\"verslexterieurliste\" href=\"http:\/\/www.chicagopsychoanalyticsociety.org\/\" target=\"_blank\" rel=\"noopener noreferrer\">Chicago Psychoanalytic Society<\/a><\/li>\n<li><a class=\"verslexterieurliste\" href=\"http:\/\/www.psychoanalysis.ca\/\" target=\"_blank\" rel=\"noopener noreferrer\">Canadian Psychoanalytic Society<\/a><\/li>\n<li><a class=\"verslexterieurliste\" href=\"http:\/\/www.sprj.org.br\/\" target=\"_blank\" rel=\"noopener noreferrer\">Sociedad psicanal\u00edtica di Rio de Janeiro<\/a><\/li>\n<\/ul>\n<p><strong><span style=\"color: #bf391b;\">Autres Sites<\/span><\/strong><\/p>\n<ul style=\"list-style-type: circle;\">\n<li><a class=\"verslexterieurliste\" href=\"http:\/\/www.ipso-marty.org\/\" target=\"_blank\" rel=\"noopener noreferrer\">Association IPSO Pierre Marty<\/a> : &lsquo;<span style=\"background-color: #ffffff; color: #008000;\"><span style=\"background-color: #ffffff; color: #008000;\"><span style=\"color: #333300;\"> Institut de Psychosomatique &#8211; Pierre Marty&rsquo;<\/span><\/span><\/span><\/li>\n<li><a href=\"http:\/\/www.margelle-paris.fr\" target=\"_blank\" rel=\"noopener\">Margelle<\/a> : &lsquo; R\u00e9seau de psychanalystes pour les modes d&rsquo;\u00eatre psychotiques&rsquo;<\/li>\n<li><a class=\"verslexterieurliste\" href=\"http:\/\/www.lesenfantsdelapsychanalyse.com\/\" target=\"_blank\" rel=\"noopener noreferrer\">Les enfants de la psychanalyse<\/a><\/li>\n<li><a class=\"verslexterieurliste\" href=\"http:\/\/www.laplanche.org\/\" target=\"_blank\" rel=\"noopener noreferrer\">Fondation Jean Laplanche<\/a><\/li>\n<li><a class=\"verslexterieurliste\" href=\"http:\/\/bsf.spp.asso.fr\/\" target=\"_blank\" rel=\"noopener noreferrer\">Biblioth\u00e8que Sigmund Freud &#8211; SPP<\/a><\/li>\n<li><a href=\"http:\/\/www.sihpp.sitew.com\" target=\"_blank\" rel=\"noopener\">Association internationale d\u2019histoire de la psychanalyse<\/a><\/li>\n<li><a class=\"verslexterieurliste\" href=\"http:\/\/www.cerclefreudien.org\/\" target=\"_blank\" rel=\"noopener noreferrer\">Cercle freudien<\/a><\/li>\n<li><a class=\"verslexterieurliste\" href=\"http:\/\/www.oedipe.org\/fr\/accueil\" target=\"_blank\" rel=\"noopener noreferrer\">\u0152dipe : \u0153dipe.org<\/a><\/li>\n<li><a class=\"verslexterieurliste\" href=\"http:\/\/psydoc-fr.broca.inserm.fr\/\" target=\"_blank\" rel=\"noopener noreferrer\">F\u00e9d\u00e9ration Fran\u00e7aise de Psychiatrie<\/a><\/li>\n<li><a class=\"verslexterieurliste\" href=\"http:\/\/www.spf.asso.fr\/\" target=\"_blank\" rel=\"noopener noreferrer\">Soci\u00e9t\u00e9 de Psychanalyse freudienne<\/a><\/li>\n<\/ul>\n<p><strong><span style=\"color: #bf391b;\">Revues<\/span><\/strong><\/p>\n<div id=\"fondgris4\">\n<ul>\n<li><a class=\"verslexterieurliste\" href=\"https:\/\/ipa.informz.net\/informzdataservice\/onlineversion\/ind\/bWFpbGluZ2luc3RhbmNlaWQ9Njk3MTY2MyZzdWJzY3JpYmVyaWQ9NzgxMTY5ODY0\" target=\"_blank\" rel=\"noopener noreferrer\">IPA &#8211; Actualit\u00e9s. Juillet 2018<\/a><\/li>\n<li><a href=\"http:\/\/frannuel.org\/\" target=\"_blank\" rel=\"noopener\">Ann\u00e9e psychanalytique internationale<\/a><\/li>\n<li><a class=\"verslexterieurliste\" href=\"http:\/\/www.carnetpsy.com\/\" target=\"_blank\" rel=\"noopener noreferrer\">Carnet psy<\/a><\/li>\n<li><a href=\"https:\/\/www.editionskime.fr\/rubrique\/revues\/esquisses\/\" target=\"_blank\" rel=\"noopener\">Esquisse(s)<\/a><\/li>\n<li><a class=\"verslexterieurliste\" href=\"http:\/\/onlinelibrary.wiley.com\/journal\/10.1111\/%28ISSN%291745-8315\" target=\"_blank\" rel=\"noopener\">International Journal of Psycho-Analysis<\/a><\/li>\n<li><a class=\"verslexterieurliste\" href=\"http:\/\/www.puf.com\/Revue_fran%C3%A7aise_de_psychanalyse\" target=\"_blank\" rel=\"noopener noreferrer\">Revue Fran\u00e7aise de Psychanalyse<\/a><\/li>\n<li><a class=\"verslexterieurliste\" href=\"http:\/\/www.puf.com\/Revue_fran%C3%A7aise_de_psychosomatique\" target=\"_blank\" rel=\"noopener noreferrer\">Revue Fran\u00e7aise de Psychosomatique<\/a><\/li>\n<li><a class=\"verslexterieurliste\" href=\"http:\/\/www.penser-rever.com\/\" target=\"_blank\" rel=\"noopener noreferrer\">Penser\/R\u00eaver<\/a><\/li>\n<\/ul>\n<\/div>\n","protected":false},"excerpt":{"rendered":"<p>Voir la liste des LIENS \u00bb CONTACT Vous pouvez contacter le secr\u00e9tariat de la S.P.R.F. : par t\u00e9l\u00e9phone au :\u00a0 06 33 45 59 93\u00a0les mardis et vendredis de 8h30 \u00e0 13h ou par courriel en remplissant le formulaire ci-dessous : (Merci de bien vouloir remplir tous les champs,\u00a0tous ces \u00e9l\u00e9ments nous sont n\u00e9cessaires pour [&hellip;]<\/p>\n","protected":false},"author":1,"featured_media":0,"parent":0,"menu_order":0,"comment_status":"closed","ping_status":"closed","template":"elementor_header_footer","meta":{"_acf_changed":false,"site-sidebar-layout":"default","site-content-layout":"default","ast-site-content-layout":"default","site-content-style":"default","site-sidebar-style":"default","ast-global-header-display":"","ast-banner-title-visibility":"","ast-main-header-display":"","ast-hfb-above-header-display":"","ast-hfb-below-header-display":"","ast-hfb-mobile-header-display":"","site-post-title":"","ast-breadcrumbs-content":"","ast-featured-img":"","footer-sml-layout":"","ast-disable-related-posts":"","theme-transparent-header-meta":"default","adv-header-id-meta":"","stick-header-meta":"","header-above-stick-meta":"","header-main-stick-meta":"","header-below-stick-meta":"","astra-migrate-meta-layouts":"default","ast-page-background-enabled":"default","ast-page-background-meta":{"desktop":{"background-color":"var(--ast-global-color-4)","background-image":"","background-repeat":"repeat","background-position":"center center","background-size":"auto","background-attachment":"scroll","background-type":"","background-media":"","overlay-type":"","overlay-color":"","overlay-opacity":"","overlay-gradient":""},"tablet":{"background-color":"","background-image":"","background-repeat":"repeat","background-position":"center center","background-size":"auto","background-attachment":"scroll","background-type":"","background-media":"","overlay-type":"","overlay-color":"","overlay-opacity":"","overlay-gradient":""},"mobile":{"background-color":"","background-image":"","background-repeat":"repeat","background-position":"center center","background-size":"auto","background-attachment":"scroll","background-type":"","background-media":"","overlay-type":"","overlay-color":"","overlay-opacity":"","overlay-gradient":""}},"ast-content-background-meta":{"desktop":{"background-color":"var(--ast-global-color-5)","background-image":"","background-repeat":"repeat","background-position":"center center","background-size":"auto","background-attachment":"scroll","background-type":"","background-media":"","overlay-type":"","overlay-color":"","overlay-opacity":"","overlay-gradient":""},"tablet":{"background-color":"var(--ast-global-color-5)","background-image":"","background-repeat":"repeat","background-position":"center center","background-size":"auto","background-attachment":"scroll","background-type":"","background-media":"","overlay-type":"","overlay-color":"","overlay-opacity":"","overlay-gradient":""},"mobile":{"background-color":"var(--ast-global-color-5)","background-image":"","background-repeat":"repeat","background-position":"center center","background-size":"auto","background-attachment":"scroll","background-type":"","background-media":"","overlay-type":"","overlay-color":"","overlay-opacity":"","overlay-gradient":""}},"footnotes":""},"class_list":["post-214","page","type-page","status-publish","hentry"],"acf":[],"yoast_head":"<!-- This site is optimized with the Yoast SEO plugin v27.5 - https:\/\/yoast.com\/product\/yoast-seo-wordpress\/ -->\n<title>Contact &amp; Liens - Soci\u00e9t\u00e9 Psychanalytique de Recherche et de Formation<\/title>\n<meta name=\"description\" content=\"CONTACT : Pour nous t\u00e9l\u00e9phoner ou nous contacter : vous pouvez joindre le secr\u00e9tariat par t\u00e9l\u00e9phone, courriel ou adresse postale. Horaires pour joindre la SPRF.\" \/>\n<meta name=\"robots\" content=\"index, follow, max-snippet:-1, max-image-preview:large, max-video-preview:-1\" \/>\n<link rel=\"canonical\" href=\"https:\/\/sprf.asso.fr\/sprfwp\/contact\/\" \/>\n<meta property=\"og:locale\" content=\"fr_FR\" \/>\n<meta property=\"og:type\" content=\"article\" \/>\n<meta property=\"og:title\" content=\"Contact &amp; Liens - Soci\u00e9t\u00e9 Psychanalytique de Recherche et de Formation\" \/>\n<meta property=\"og:description\" content=\"CONTACT : Pour nous t\u00e9l\u00e9phoner ou nous contacter : vous pouvez joindre le secr\u00e9tariat par t\u00e9l\u00e9phone, courriel ou adresse postale. Horaires pour joindre la SPRF.\" \/>\n<meta property=\"og:url\" content=\"https:\/\/sprf.asso.fr\/sprfwp\/contact\/\" \/>\n<meta property=\"og:site_name\" content=\"Soci\u00e9t\u00e9 Psychanalytique de Recherche et de Formation\" \/>\n<meta property=\"article:modified_time\" content=\"2023-07-26T08:53:44+00:00\" \/>\n<meta name=\"twitter:card\" content=\"summary_large_image\" \/>\n<meta name=\"twitter:label1\" content=\"Dur\u00e9e de lecture estim\u00e9e\" \/>\n\t<meta name=\"twitter:data1\" content=\"2 minutes\" \/>\n<script type=\"application\/ld+json\" class=\"yoast-schema-graph\">{\"@context\":\"https:\\\/\\\/schema.org\",\"@graph\":[{\"@type\":\"WebPage\",\"@id\":\"https:\\\/\\\/sprf.asso.fr\\\/sprfwp\\\/contact\\\/\",\"url\":\"https:\\\/\\\/sprf.asso.fr\\\/sprfwp\\\/contact\\\/\",\"name\":\"Contact & Liens - Soci\u00e9t\u00e9 Psychanalytique de Recherche et de Formation\",\"isPartOf\":{\"@id\":\"https:\\\/\\\/sprf.asso.fr\\\/sprfwp\\\/#website\"},\"datePublished\":\"2017-01-27T16:10:08+00:00\",\"dateModified\":\"2023-07-26T08:53:44+00:00\",\"description\":\"CONTACT : Pour nous t\u00e9l\u00e9phoner ou nous contacter : vous pouvez joindre le secr\u00e9tariat par t\u00e9l\u00e9phone, courriel ou adresse postale. Horaires pour joindre la SPRF.\",\"breadcrumb\":{\"@id\":\"https:\\\/\\\/sprf.asso.fr\\\/sprfwp\\\/contact\\\/#breadcrumb\"},\"inLanguage\":\"fr-FR\",\"potentialAction\":[{\"@type\":\"ReadAction\",\"target\":[\"https:\\\/\\\/sprf.asso.fr\\\/sprfwp\\\/contact\\\/\"]}]},{\"@type\":\"BreadcrumbList\",\"@id\":\"https:\\\/\\\/sprf.asso.fr\\\/sprfwp\\\/contact\\\/#breadcrumb\",\"itemListElement\":[{\"@type\":\"ListItem\",\"position\":1,\"name\":\"Accueil\",\"item\":\"https:\\\/\\\/sprf.asso.fr\\\/sprfwp\\\/\"},{\"@type\":\"ListItem\",\"position\":2,\"name\":\"Contact &#038; Liens\"}]},{\"@type\":\"WebSite\",\"@id\":\"https:\\\/\\\/sprf.asso.fr\\\/sprfwp\\\/#website\",\"url\":\"https:\\\/\\\/sprf.asso.fr\\\/sprfwp\\\/\",\"name\":\"Soci\u00e9t\u00e9 Psychanalytique de Recherche et de Formation\",\"description\":\"Membre de l&#039;API - Fond\u00e9e en 2005\",\"publisher\":{\"@id\":\"https:\\\/\\\/sprf.asso.fr\\\/sprfwp\\\/#organization\"},\"potentialAction\":[{\"@type\":\"SearchAction\",\"target\":{\"@type\":\"EntryPoint\",\"urlTemplate\":\"https:\\\/\\\/sprf.asso.fr\\\/sprfwp\\\/?s={search_term_string}\"},\"query-input\":{\"@type\":\"PropertyValueSpecification\",\"valueRequired\":true,\"valueName\":\"search_term_string\"}}],\"inLanguage\":\"fr-FR\"},{\"@type\":\"Organization\",\"@id\":\"https:\\\/\\\/sprf.asso.fr\\\/sprfwp\\\/#organization\",\"name\":\"Soci\u00e9t\u00e9 Psychanalytique de Recherche et de Formation\",\"url\":\"https:\\\/\\\/sprf.asso.fr\\\/sprfwp\\\/\",\"logo\":{\"@type\":\"ImageObject\",\"inLanguage\":\"fr-FR\",\"@id\":\"https:\\\/\\\/sprf.asso.fr\\\/sprfwp\\\/#\\\/schema\\\/logo\\\/image\\\/\",\"url\":\"https:\\\/\\\/sprf.asso.fr\\\/sprfwp\\\/wp-content\\\/uploads\\\/2021\\\/09\\\/LogoIndex_K_260_neg-3_shade.png\",\"contentUrl\":\"https:\\\/\\\/sprf.asso.fr\\\/sprfwp\\\/wp-content\\\/uploads\\\/2021\\\/09\\\/LogoIndex_K_260_neg-3_shade.png\",\"width\":352,\"height\":201,\"caption\":\"Soci\u00e9t\u00e9 Psychanalytique de Recherche et de Formation\"},\"image\":{\"@id\":\"https:\\\/\\\/sprf.asso.fr\\\/sprfwp\\\/#\\\/schema\\\/logo\\\/image\\\/\"}}]}<\/script>\n<!-- \/ Yoast SEO plugin. -->","yoast_head_json":{"title":"Contact & Liens - Soci\u00e9t\u00e9 Psychanalytique de Recherche et de Formation","description":"CONTACT : Pour nous t\u00e9l\u00e9phoner ou nous contacter : vous pouvez joindre le secr\u00e9tariat par t\u00e9l\u00e9phone, courriel ou adresse postale. Horaires pour joindre la SPRF.","robots":{"index":"index","follow":"follow","max-snippet":"max-snippet:-1","max-image-preview":"max-image-preview:large","max-video-preview":"max-video-preview:-1"},"canonical":"https:\/\/sprf.asso.fr\/sprfwp\/contact\/","og_locale":"fr_FR","og_type":"article","og_title":"Contact & Liens - Soci\u00e9t\u00e9 Psychanalytique de Recherche et de Formation","og_description":"CONTACT : Pour nous t\u00e9l\u00e9phoner ou nous contacter : vous pouvez joindre le secr\u00e9tariat par t\u00e9l\u00e9phone, courriel ou adresse postale. Horaires pour joindre la SPRF.","og_url":"https:\/\/sprf.asso.fr\/sprfwp\/contact\/","og_site_name":"Soci\u00e9t\u00e9 Psychanalytique de Recherche et de Formation","article_modified_time":"2023-07-26T08:53:44+00:00","twitter_card":"summary_large_image","twitter_misc":{"Dur\u00e9e de lecture estim\u00e9e":"2 minutes"},"schema":{"@context":"https:\/\/schema.org","@graph":[{"@type":"WebPage","@id":"https:\/\/sprf.asso.fr\/sprfwp\/contact\/","url":"https:\/\/sprf.asso.fr\/sprfwp\/contact\/","name":"Contact & Liens - Soci\u00e9t\u00e9 Psychanalytique de Recherche et de Formation","isPartOf":{"@id":"https:\/\/sprf.asso.fr\/sprfwp\/#website"},"datePublished":"2017-01-27T16:10:08+00:00","dateModified":"2023-07-26T08:53:44+00:00","description":"CONTACT : Pour nous t\u00e9l\u00e9phoner ou nous contacter : vous pouvez joindre le secr\u00e9tariat par t\u00e9l\u00e9phone, courriel ou adresse postale. Horaires pour joindre la SPRF.","breadcrumb":{"@id":"https:\/\/sprf.asso.fr\/sprfwp\/contact\/#breadcrumb"},"inLanguage":"fr-FR","potentialAction":[{"@type":"ReadAction","target":["https:\/\/sprf.asso.fr\/sprfwp\/contact\/"]}]},{"@type":"BreadcrumbList","@id":"https:\/\/sprf.asso.fr\/sprfwp\/contact\/#breadcrumb","itemListElement":[{"@type":"ListItem","position":1,"name":"Accueil","item":"https:\/\/sprf.asso.fr\/sprfwp\/"},{"@type":"ListItem","position":2,"name":"Contact &#038; Liens"}]},{"@type":"WebSite","@id":"https:\/\/sprf.asso.fr\/sprfwp\/#website","url":"https:\/\/sprf.asso.fr\/sprfwp\/","name":"Soci\u00e9t\u00e9 Psychanalytique de Recherche et de Formation","description":"Membre de l&#039;API - Fond\u00e9e en 2005","publisher":{"@id":"https:\/\/sprf.asso.fr\/sprfwp\/#organization"},"potentialAction":[{"@type":"SearchAction","target":{"@type":"EntryPoint","urlTemplate":"https:\/\/sprf.asso.fr\/sprfwp\/?s={search_term_string}"},"query-input":{"@type":"PropertyValueSpecification","valueRequired":true,"valueName":"search_term_string"}}],"inLanguage":"fr-FR"},{"@type":"Organization","@id":"https:\/\/sprf.asso.fr\/sprfwp\/#organization","name":"Soci\u00e9t\u00e9 Psychanalytique de Recherche et de Formation","url":"https:\/\/sprf.asso.fr\/sprfwp\/","logo":{"@type":"ImageObject","inLanguage":"fr-FR","@id":"https:\/\/sprf.asso.fr\/sprfwp\/#\/schema\/logo\/image\/","url":"https:\/\/sprf.asso.fr\/sprfwp\/wp-content\/uploads\/2021\/09\/LogoIndex_K_260_neg-3_shade.png","contentUrl":"https:\/\/sprf.asso.fr\/sprfwp\/wp-content\/uploads\/2021\/09\/LogoIndex_K_260_neg-3_shade.png","width":352,"height":201,"caption":"Soci\u00e9t\u00e9 Psychanalytique de Recherche et de Formation"},"image":{"@id":"https:\/\/sprf.asso.fr\/sprfwp\/#\/schema\/logo\/image\/"}}]}},"_links":{"self":[{"href":"https:\/\/sprf.asso.fr\/sprfwp\/wp-json\/wp\/v2\/pages\/214","targetHints":{"allow":["GET"]}}],"collection":[{"href":"https:\/\/sprf.asso.fr\/sprfwp\/wp-json\/wp\/v2\/pages"}],"about":[{"href":"https:\/\/sprf.asso.fr\/sprfwp\/wp-json\/wp\/v2\/types\/page"}],"author":[{"embeddable":true,"href":"https:\/\/sprf.asso.fr\/sprfwp\/wp-json\/wp\/v2\/users\/1"}],"replies":[{"embeddable":true,"href":"https:\/\/sprf.asso.fr\/sprfwp\/wp-json\/wp\/v2\/comments?post=214"}],"version-history":[{"count":68,"href":"https:\/\/sprf.asso.fr\/sprfwp\/wp-json\/wp\/v2\/pages\/214\/revisions"}],"predecessor-version":[{"id":8919,"href":"https:\/\/sprf.asso.fr\/sprfwp\/wp-json\/wp\/v2\/pages\/214\/revisions\/8919"}],"wp:attachment":[{"href":"https:\/\/sprf.asso.fr\/sprfwp\/wp-json\/wp\/v2\/media?parent=214"}],"curies":[{"name":"wp","href":"https:\/\/api.w.org\/{rel}","templated":true}]}}