{"id":111,"date":"2017-01-20T14:38:27","date_gmt":"2017-01-20T13:38:27","guid":{"rendered":"http:\/\/sprf.asso.fr\/sprfwp\/?page_id=111"},"modified":"2021-08-18T20:08:57","modified_gmt":"2021-08-18T19:08:57","slug":"111-2","status":"publish","type":"page","link":"https:\/\/sprf.asso.fr\/sprfwp\/111-2\/","title":{"rendered":"\u00c0 propos du logo de la SPRF"},"content":{"rendered":"<p class=\"p1\"><span style=\"color: #993300;\"><img fetchpriority=\"high\" decoding=\"async\" class=\"aligncenter wp-image-165 size-full\" src=\"https:\/\/sprf.asso.fr\/sprfwp\/wp-content\/uploads\/2017\/01\/SPRFLogo.jpg\" alt=\"\" width=\"412\" height=\"260\" srcset=\"https:\/\/sprf.asso.fr\/sprfwp\/wp-content\/uploads\/2017\/01\/SPRFLogo.jpg 412w, https:\/\/sprf.asso.fr\/sprfwp\/wp-content\/uploads\/2017\/01\/SPRFLogo-300x189.jpg 300w\" sizes=\"(max-width: 412px) 100vw, 412px\" \/><\/span><\/p>\n<blockquote><p>Ce sch\u00e9ma est celui que Freud propose dans un manuscrit \u00e9crit en 1895 \u00ab\u00a0L&rsquo;\u00a0Esquisse d\u2019une psychologie scientifique\u00a0\u00bb\u00a0 retrouv\u00e9 dans les lettres qu\u2019il envoya \u00e0 son ami Fliess et publi\u00e9 dans \u00ab\u00a0Naissance de la psychanalyse\u00a0\u00bb, PUF 1956, p.342<\/p><\/blockquote>\n<p>Freud\u00a0tente d&rsquo;y exposer ses intuitions nouvelles. Il cherche \u00e0 \u00e9tablir\u00a0 la psychanalyse sur une base scientifique, juxtaposant\u00a0 des notions provenant de la neurobiologie avec ses propres observations cliniques.<\/p>\n<p>Pour lui, \u00e0 cette \u00e9poque, le Moi fonctionne simultan\u00e9ment \u00e0 un niveau physiologique avec la gestion de l\u2019\u00e9nergie qui circule entre les neurones et \u00e0 un niveau psychologique, comme instance charg\u00e9e d\u2019entraver les processus psychiques primaires.<\/p>\n<p>Bien que ses th\u00e9orisations aient consid\u00e9rablement \u00e9volu\u00e9 par la suite, il gardera toujours cette id\u00e9e que corps et psychisme sont indissociables l&rsquo;un de l\u2019autre.<\/p>\n","protected":false},"excerpt":{"rendered":"<p>Ce sch\u00e9ma est celui que Freud propose dans un manuscrit \u00e9crit en 1895 \u00ab\u00a0L&rsquo;\u00a0Esquisse d\u2019une psychologie scientifique\u00a0\u00bb\u00a0 retrouv\u00e9 dans les lettres qu\u2019il envoya \u00e0 son ami Fliess et publi\u00e9 dans \u00ab\u00a0Naissance de la psychanalyse\u00a0\u00bb, PUF 1956, p.342 Freud\u00a0tente d&rsquo;y exposer ses intuitions nouvelles. Il cherche \u00e0 \u00e9tablir\u00a0 la psychanalyse sur une base scientifique, juxtaposant\u00a0 des [&hellip;]<\/p>\n","protected":false},"author":1,"featured_media":0,"parent":0,"menu_order":0,"comment_status":"closed","ping_status":"closed","template":"","meta":{"_acf_changed":false,"site-sidebar-layout":"default","site-content-layout":"default","ast-site-content-layout":"default","site-content-style":"default","site-sidebar-style":"default","ast-global-header-display":"","ast-banner-title-visibility":"","ast-main-header-display":"","ast-hfb-above-header-display":"","ast-hfb-below-header-display":"","ast-hfb-mobile-header-display":"","site-post-title":"","ast-breadcrumbs-content":"","ast-featured-img":"","footer-sml-layout":"","ast-disable-related-posts":"","theme-transparent-header-meta":"default","adv-header-id-meta":"","stick-header-meta":"","header-above-stick-meta":"","header-main-stick-meta":"","header-below-stick-meta":"","astra-migrate-meta-layouts":"default","ast-page-background-enabled":"default","ast-page-background-meta":{"desktop":{"background-color":"var(--ast-global-color-4)","background-image":"","background-repeat":"repeat","background-position":"center center","background-size":"auto","background-attachment":"scroll","background-type":"","background-media":"","overlay-type":"","overlay-color":"","overlay-opacity":"","overlay-gradient":""},"tablet":{"background-color":"","background-image":"","background-repeat":"repeat","background-position":"center center","background-size":"auto","background-attachment":"scroll","background-type":"","background-media":"","overlay-type":"","overlay-color":"","overlay-opacity":"","overlay-gradient":""},"mobile":{"background-color":"","background-image":"","background-repeat":"repeat","background-position":"center center","background-size":"auto","background-attachment":"scroll","background-type":"","background-media":"","overlay-type":"","overlay-color":"","overlay-opacity":"","overlay-gradient":""}},"ast-content-background-meta":{"desktop":{"background-color":"var(--ast-global-color-5)","background-image":"","background-repeat":"repeat","background-position":"center center","background-size":"auto","background-attachment":"scroll","background-type":"","background-media":"","overlay-type":"","overlay-color":"","overlay-opacity":"","overlay-gradient":""},"tablet":{"background-color":"var(--ast-global-color-5)","background-image":"","background-repeat":"repeat","background-position":"center center","background-size":"auto","background-attachment":"scroll","background-type":"","background-media":"","overlay-type":"","overlay-color":"","overlay-opacity":"","overlay-gradient":""},"mobile":{"background-color":"var(--ast-global-color-5)","background-image":"","background-repeat":"repeat","background-position":"center center","background-size":"auto","background-attachment":"scroll","background-type":"","background-media":"","overlay-type":"","overlay-color":"","overlay-opacity":"","overlay-gradient":""}},"footnotes":""},"class_list":["post-111","page","type-page","status-publish","hentry"],"acf":[],"yoast_head":"<!-- This site is optimized with the Yoast SEO plugin v27.5 - https:\/\/yoast.com\/product\/yoast-seo-wordpress\/ -->\n<title>\u00c0 propos du logo de la SPRF - Soci\u00e9t\u00e9 Psychanalytique de Recherche et de Formation<\/title>\n<meta name=\"robots\" content=\"index, follow, max-snippet:-1, max-image-preview:large, max-video-preview:-1\" \/>\n<link rel=\"canonical\" href=\"https:\/\/sprf.asso.fr\/sprfwp\/111-2\/\" \/>\n<meta property=\"og:locale\" content=\"fr_FR\" \/>\n<meta property=\"og:type\" content=\"article\" \/>\n<meta property=\"og:title\" content=\"\u00c0 propos du logo de la SPRF - Soci\u00e9t\u00e9 Psychanalytique de Recherche et de Formation\" \/>\n<meta property=\"og:description\" content=\"Ce sch\u00e9ma est celui que Freud propose dans un manuscrit \u00e9crit en 1895 \u00ab\u00a0L&rsquo;\u00a0Esquisse d\u2019une psychologie scientifique\u00a0\u00bb\u00a0 retrouv\u00e9 dans les lettres qu\u2019il envoya \u00e0 son ami Fliess et publi\u00e9 dans \u00ab\u00a0Naissance de la psychanalyse\u00a0\u00bb, PUF 1956, p.342 Freud\u00a0tente d&rsquo;y exposer ses intuitions nouvelles. Il cherche \u00e0 \u00e9tablir\u00a0 la psychanalyse sur une base scientifique, juxtaposant\u00a0 des [&hellip;]\" \/>\n<meta property=\"og:url\" content=\"https:\/\/sprf.asso.fr\/sprfwp\/111-2\/\" \/>\n<meta property=\"og:site_name\" content=\"Soci\u00e9t\u00e9 Psychanalytique de Recherche et de Formation\" \/>\n<meta property=\"article:modified_time\" content=\"2021-08-18T19:08:57+00:00\" \/>\n<meta property=\"og:image\" content=\"https:\/\/sprf.asso.fr\/sprfwp\/wp-content\/uploads\/2017\/01\/SPRFLogo.jpg\" \/>\n<meta name=\"twitter:card\" content=\"summary_large_image\" \/>\n<meta name=\"twitter:label1\" content=\"Dur\u00e9e de lecture estim\u00e9e\" \/>\n\t<meta name=\"twitter:data1\" content=\"1 minute\" \/>\n<script type=\"application\/ld+json\" class=\"yoast-schema-graph\">{\"@context\":\"https:\\\/\\\/schema.org\",\"@graph\":[{\"@type\":\"WebPage\",\"@id\":\"https:\\\/\\\/sprf.asso.fr\\\/sprfwp\\\/111-2\\\/\",\"url\":\"https:\\\/\\\/sprf.asso.fr\\\/sprfwp\\\/111-2\\\/\",\"name\":\"\u00c0 propos du logo de la SPRF - Soci\u00e9t\u00e9 Psychanalytique de Recherche et de Formation\",\"isPartOf\":{\"@id\":\"https:\\\/\\\/sprf.asso.fr\\\/sprfwp\\\/#website\"},\"primaryImageOfPage\":{\"@id\":\"https:\\\/\\\/sprf.asso.fr\\\/sprfwp\\\/111-2\\\/#primaryimage\"},\"image\":{\"@id\":\"https:\\\/\\\/sprf.asso.fr\\\/sprfwp\\\/111-2\\\/#primaryimage\"},\"thumbnailUrl\":\"https:\\\/\\\/sprf.asso.fr\\\/sprfwp\\\/wp-content\\\/uploads\\\/2017\\\/01\\\/SPRFLogo.jpg\",\"datePublished\":\"2017-01-20T13:38:27+00:00\",\"dateModified\":\"2021-08-18T19:08:57+00:00\",\"breadcrumb\":{\"@id\":\"https:\\\/\\\/sprf.asso.fr\\\/sprfwp\\\/111-2\\\/#breadcrumb\"},\"inLanguage\":\"fr-FR\",\"potentialAction\":[{\"@type\":\"ReadAction\",\"target\":[\"https:\\\/\\\/sprf.asso.fr\\\/sprfwp\\\/111-2\\\/\"]}]},{\"@type\":\"ImageObject\",\"inLanguage\":\"fr-FR\",\"@id\":\"https:\\\/\\\/sprf.asso.fr\\\/sprfwp\\\/111-2\\\/#primaryimage\",\"url\":\"https:\\\/\\\/sprf.asso.fr\\\/sprfwp\\\/wp-content\\\/uploads\\\/2017\\\/01\\\/SPRFLogo.jpg\",\"contentUrl\":\"https:\\\/\\\/sprf.asso.fr\\\/sprfwp\\\/wp-content\\\/uploads\\\/2017\\\/01\\\/SPRFLogo.jpg\",\"width\":412,\"height\":260,\"caption\":\"Ce sch\u00e9ma est celui que Freud propose dans un manuscrit \u00e9crit en 1895 \u00ab L\u2019 Esquisse d\u2019une psychologie \u00bb scientifique retrouv\u00e9 dans les lettres qu\u2019il envoya \u00e0 son ami Fliess et publi\u00e9 dans \u00ab Naissance de la psychanalyse \u00bb, PUF 1956, p.342\"},{\"@type\":\"BreadcrumbList\",\"@id\":\"https:\\\/\\\/sprf.asso.fr\\\/sprfwp\\\/111-2\\\/#breadcrumb\",\"itemListElement\":[{\"@type\":\"ListItem\",\"position\":1,\"name\":\"Accueil\",\"item\":\"https:\\\/\\\/sprf.asso.fr\\\/sprfwp\\\/\"},{\"@type\":\"ListItem\",\"position\":2,\"name\":\"\u00c0 propos du logo de la SPRF\"}]},{\"@type\":\"WebSite\",\"@id\":\"https:\\\/\\\/sprf.asso.fr\\\/sprfwp\\\/#website\",\"url\":\"https:\\\/\\\/sprf.asso.fr\\\/sprfwp\\\/\",\"name\":\"Soci\u00e9t\u00e9 Psychanalytique de Recherche et de Formation\",\"description\":\"Membre de l&#039;API - Fond\u00e9e en 2005\",\"publisher\":{\"@id\":\"https:\\\/\\\/sprf.asso.fr\\\/sprfwp\\\/#organization\"},\"potentialAction\":[{\"@type\":\"SearchAction\",\"target\":{\"@type\":\"EntryPoint\",\"urlTemplate\":\"https:\\\/\\\/sprf.asso.fr\\\/sprfwp\\\/?s={search_term_string}\"},\"query-input\":{\"@type\":\"PropertyValueSpecification\",\"valueRequired\":true,\"valueName\":\"search_term_string\"}}],\"inLanguage\":\"fr-FR\"},{\"@type\":\"Organization\",\"@id\":\"https:\\\/\\\/sprf.asso.fr\\\/sprfwp\\\/#organization\",\"name\":\"Soci\u00e9t\u00e9 Psychanalytique de Recherche et de Formation\",\"url\":\"https:\\\/\\\/sprf.asso.fr\\\/sprfwp\\\/\",\"logo\":{\"@type\":\"ImageObject\",\"inLanguage\":\"fr-FR\",\"@id\":\"https:\\\/\\\/sprf.asso.fr\\\/sprfwp\\\/#\\\/schema\\\/logo\\\/image\\\/\",\"url\":\"https:\\\/\\\/sprf.asso.fr\\\/sprfwp\\\/wp-content\\\/uploads\\\/2021\\\/09\\\/LogoIndex_K_260_neg-3_shade.png\",\"contentUrl\":\"https:\\\/\\\/sprf.asso.fr\\\/sprfwp\\\/wp-content\\\/uploads\\\/2021\\\/09\\\/LogoIndex_K_260_neg-3_shade.png\",\"width\":352,\"height\":201,\"caption\":\"Soci\u00e9t\u00e9 Psychanalytique de Recherche et de Formation\"},\"image\":{\"@id\":\"https:\\\/\\\/sprf.asso.fr\\\/sprfwp\\\/#\\\/schema\\\/logo\\\/image\\\/\"}}]}<\/script>\n<!-- \/ Yoast SEO plugin. -->","yoast_head_json":{"title":"\u00c0 propos du logo de la SPRF - Soci\u00e9t\u00e9 Psychanalytique de Recherche et de Formation","robots":{"index":"index","follow":"follow","max-snippet":"max-snippet:-1","max-image-preview":"max-image-preview:large","max-video-preview":"max-video-preview:-1"},"canonical":"https:\/\/sprf.asso.fr\/sprfwp\/111-2\/","og_locale":"fr_FR","og_type":"article","og_title":"\u00c0 propos du logo de la SPRF - Soci\u00e9t\u00e9 Psychanalytique de Recherche et de Formation","og_description":"Ce sch\u00e9ma est celui que Freud propose dans un manuscrit \u00e9crit en 1895 \u00ab\u00a0L&rsquo;\u00a0Esquisse d\u2019une psychologie scientifique\u00a0\u00bb\u00a0 retrouv\u00e9 dans les lettres qu\u2019il envoya \u00e0 son ami Fliess et publi\u00e9 dans \u00ab\u00a0Naissance de la psychanalyse\u00a0\u00bb, PUF 1956, p.342 Freud\u00a0tente d&rsquo;y exposer ses intuitions nouvelles. Il cherche \u00e0 \u00e9tablir\u00a0 la psychanalyse sur une base scientifique, juxtaposant\u00a0 des [&hellip;]","og_url":"https:\/\/sprf.asso.fr\/sprfwp\/111-2\/","og_site_name":"Soci\u00e9t\u00e9 Psychanalytique de Recherche et de Formation","article_modified_time":"2021-08-18T19:08:57+00:00","og_image":[{"url":"https:\/\/sprf.asso.fr\/sprfwp\/wp-content\/uploads\/2017\/01\/SPRFLogo.jpg","type":"","width":"","height":""}],"twitter_card":"summary_large_image","twitter_misc":{"Dur\u00e9e de lecture estim\u00e9e":"1 minute"},"schema":{"@context":"https:\/\/schema.org","@graph":[{"@type":"WebPage","@id":"https:\/\/sprf.asso.fr\/sprfwp\/111-2\/","url":"https:\/\/sprf.asso.fr\/sprfwp\/111-2\/","name":"\u00c0 propos du logo de la SPRF - Soci\u00e9t\u00e9 Psychanalytique de Recherche et de Formation","isPartOf":{"@id":"https:\/\/sprf.asso.fr\/sprfwp\/#website"},"primaryImageOfPage":{"@id":"https:\/\/sprf.asso.fr\/sprfwp\/111-2\/#primaryimage"},"image":{"@id":"https:\/\/sprf.asso.fr\/sprfwp\/111-2\/#primaryimage"},"thumbnailUrl":"https:\/\/sprf.asso.fr\/sprfwp\/wp-content\/uploads\/2017\/01\/SPRFLogo.jpg","datePublished":"2017-01-20T13:38:27+00:00","dateModified":"2021-08-18T19:08:57+00:00","breadcrumb":{"@id":"https:\/\/sprf.asso.fr\/sprfwp\/111-2\/#breadcrumb"},"inLanguage":"fr-FR","potentialAction":[{"@type":"ReadAction","target":["https:\/\/sprf.asso.fr\/sprfwp\/111-2\/"]}]},{"@type":"ImageObject","inLanguage":"fr-FR","@id":"https:\/\/sprf.asso.fr\/sprfwp\/111-2\/#primaryimage","url":"https:\/\/sprf.asso.fr\/sprfwp\/wp-content\/uploads\/2017\/01\/SPRFLogo.jpg","contentUrl":"https:\/\/sprf.asso.fr\/sprfwp\/wp-content\/uploads\/2017\/01\/SPRFLogo.jpg","width":412,"height":260,"caption":"Ce sch\u00e9ma est celui que Freud propose dans un manuscrit \u00e9crit en 1895 \u00ab L\u2019 Esquisse d\u2019une psychologie \u00bb scientifique retrouv\u00e9 dans les lettres qu\u2019il envoya \u00e0 son ami Fliess et publi\u00e9 dans \u00ab Naissance de la psychanalyse \u00bb, PUF 1956, p.342"},{"@type":"BreadcrumbList","@id":"https:\/\/sprf.asso.fr\/sprfwp\/111-2\/#breadcrumb","itemListElement":[{"@type":"ListItem","position":1,"name":"Accueil","item":"https:\/\/sprf.asso.fr\/sprfwp\/"},{"@type":"ListItem","position":2,"name":"\u00c0 propos du logo de la SPRF"}]},{"@type":"WebSite","@id":"https:\/\/sprf.asso.fr\/sprfwp\/#website","url":"https:\/\/sprf.asso.fr\/sprfwp\/","name":"Soci\u00e9t\u00e9 Psychanalytique de Recherche et de Formation","description":"Membre de l&#039;API - Fond\u00e9e en 2005","publisher":{"@id":"https:\/\/sprf.asso.fr\/sprfwp\/#organization"},"potentialAction":[{"@type":"SearchAction","target":{"@type":"EntryPoint","urlTemplate":"https:\/\/sprf.asso.fr\/sprfwp\/?s={search_term_string}"},"query-input":{"@type":"PropertyValueSpecification","valueRequired":true,"valueName":"search_term_string"}}],"inLanguage":"fr-FR"},{"@type":"Organization","@id":"https:\/\/sprf.asso.fr\/sprfwp\/#organization","name":"Soci\u00e9t\u00e9 Psychanalytique de Recherche et de Formation","url":"https:\/\/sprf.asso.fr\/sprfwp\/","logo":{"@type":"ImageObject","inLanguage":"fr-FR","@id":"https:\/\/sprf.asso.fr\/sprfwp\/#\/schema\/logo\/image\/","url":"https:\/\/sprf.asso.fr\/sprfwp\/wp-content\/uploads\/2021\/09\/LogoIndex_K_260_neg-3_shade.png","contentUrl":"https:\/\/sprf.asso.fr\/sprfwp\/wp-content\/uploads\/2021\/09\/LogoIndex_K_260_neg-3_shade.png","width":352,"height":201,"caption":"Soci\u00e9t\u00e9 Psychanalytique de Recherche et de Formation"},"image":{"@id":"https:\/\/sprf.asso.fr\/sprfwp\/#\/schema\/logo\/image\/"}}]}},"_links":{"self":[{"href":"https:\/\/sprf.asso.fr\/sprfwp\/wp-json\/wp\/v2\/pages\/111","targetHints":{"allow":["GET"]}}],"collection":[{"href":"https:\/\/sprf.asso.fr\/sprfwp\/wp-json\/wp\/v2\/pages"}],"about":[{"href":"https:\/\/sprf.asso.fr\/sprfwp\/wp-json\/wp\/v2\/types\/page"}],"author":[{"embeddable":true,"href":"https:\/\/sprf.asso.fr\/sprfwp\/wp-json\/wp\/v2\/users\/1"}],"replies":[{"embeddable":true,"href":"https:\/\/sprf.asso.fr\/sprfwp\/wp-json\/wp\/v2\/comments?post=111"}],"version-history":[{"count":17,"href":"https:\/\/sprf.asso.fr\/sprfwp\/wp-json\/wp\/v2\/pages\/111\/revisions"}],"predecessor-version":[{"id":5387,"href":"https:\/\/sprf.asso.fr\/sprfwp\/wp-json\/wp\/v2\/pages\/111\/revisions\/5387"}],"wp:attachment":[{"href":"https:\/\/sprf.asso.fr\/sprfwp\/wp-json\/wp\/v2\/media?parent=111"}],"curies":[{"name":"wp","href":"https:\/\/api.w.org\/{rel}","templated":true}]}}